{"id":1804,"date":"2019-04-06T16:04:50","date_gmt":"2019-04-06T16:04:50","guid":{"rendered":"http:\/\/viladoconde.com\/?post_type=product&#038;p=1804"},"modified":"2021-03-29T17:28:01","modified_gmt":"2021-03-29T17:28:01","slug":"praia-de-villa-do-conde-guia-illustrado-guia","status":"publish","type":"product","link":"https:\/\/viladoconde.com\/en\/produto\/praia-de-villa-do-conde-guia-illustrado-guia\/","title":{"rendered":"Praia de Villa do Conde &#8211; Guia Illustrado"},"content":{"rendered":"","protected":false},"excerpt":{"rendered":"<p><strong>Autor<\/strong>: Sociedade Propaganda da Praia<br \/>\n<strong>Ano<\/strong>: 1917<br \/>\n<strong>Descri\u00e7\u00e3o<\/strong>: guia tur\u00edstico com v\u00e1rias ilustra\u00e7\u00f5es<\/p>\n","protected":false},"featured_media":1805,"template":"","meta":[],"product_cat":[148],"product_tag":[100],"class_list":["post-1804","product","type-product","status-publish","has-post-thumbnail","hentry","product_cat-livros-publicacoes","product_tag-praia"],"_links":{"self":[{"href":"https:\/\/viladoconde.com\/en\/wp-json\/wp\/v2\/product\/1804","targetHints":{"allow":["GET"]}}],"collection":[{"href":"https:\/\/viladoconde.com\/en\/wp-json\/wp\/v2\/product"}],"about":[{"href":"https:\/\/viladoconde.com\/en\/wp-json\/wp\/v2\/types\/product"}],"wp:featuredmedia":[{"embeddable":true,"href":"https:\/\/viladoconde.com\/en\/wp-json\/wp\/v2\/media\/1805"}],"wp:attachment":[{"href":"https:\/\/viladoconde.com\/en\/wp-json\/wp\/v2\/media?parent=1804"}],"wp:term":[{"taxonomy":"product_cat","embeddable":true,"href":"https:\/\/viladoconde.com\/en\/wp-json\/wp\/v2\/product_cat?post=1804"},{"taxonomy":"product_tag","embeddable":true,"href":"https:\/\/viladoconde.com\/en\/wp-json\/wp\/v2\/product_tag?post=1804"}],"curies":[{"name":"wp","href":"https:\/\/api.w.org\/{rel}","templated":true}]}}