{"id":1813,"date":"2019-04-06T16:23:56","date_gmt":"2019-04-06T16:23:56","guid":{"rendered":"http:\/\/viladoconde.com\/?post_type=product&#038;p=1813"},"modified":"2021-03-14T15:47:04","modified_gmt":"2021-03-14T15:47:04","slug":"villa-do-conde-esboco-etymologico-livro","status":"publish","type":"product","link":"https:\/\/viladoconde.com\/en\/produto\/villa-do-conde-esboco-etymologico-livro\/","title":{"rendered":"Villa do Conde &#8211; Esbo\u00e7o Etymologico"},"content":{"rendered":"","protected":false},"excerpt":{"rendered":"<p><strong>Autor<\/strong>: Pedro A. Ferreira<br \/>\n<strong>Ano<\/strong>: 1912<br \/>\n<strong>Descri\u00e7\u00e3o<\/strong>: &#8220;ligeiro esbo\u00e7o etymologico d&#8217;algumas povoa\u00e7\u00f5es d&#8217;este concelho, seguindo a ordem alphabetica das suas 27 freguezias&#8221;. Algumas p\u00e1ginas soltas.<\/p>\n","protected":false},"featured_media":6112,"template":"","meta":[],"product_cat":[148],"product_tag":[],"class_list":["post-1813","product","type-product","status-publish","has-post-thumbnail","hentry","product_cat-livros-publicacoes"],"_links":{"self":[{"href":"https:\/\/viladoconde.com\/en\/wp-json\/wp\/v2\/product\/1813","targetHints":{"allow":["GET"]}}],"collection":[{"href":"https:\/\/viladoconde.com\/en\/wp-json\/wp\/v2\/product"}],"about":[{"href":"https:\/\/viladoconde.com\/en\/wp-json\/wp\/v2\/types\/product"}],"wp:featuredmedia":[{"embeddable":true,"href":"https:\/\/viladoconde.com\/en\/wp-json\/wp\/v2\/media\/6112"}],"wp:attachment":[{"href":"https:\/\/viladoconde.com\/en\/wp-json\/wp\/v2\/media?parent=1813"}],"wp:term":[{"taxonomy":"product_cat","embeddable":true,"href":"https:\/\/viladoconde.com\/en\/wp-json\/wp\/v2\/product_cat?post=1813"},{"taxonomy":"product_tag","embeddable":true,"href":"https:\/\/viladoconde.com\/en\/wp-json\/wp\/v2\/product_tag?post=1813"}],"curies":[{"name":"wp","href":"https:\/\/api.w.org\/{rel}","templated":true}]}}