{"id":1881,"date":"2019-04-07T18:57:27","date_gmt":"2019-04-07T18:57:27","guid":{"rendered":"http:\/\/viladoconde.com\/?post_type=product&#038;p=1881"},"modified":"2021-03-14T18:30:38","modified_gmt":"2021-03-14T18:30:38","slug":"para-a-historia-das-alfandegas-em-portugal-livro","status":"publish","type":"product","link":"https:\/\/viladoconde.com\/en\/produto\/para-a-historia-das-alfandegas-em-portugal-livro\/","title":{"rendered":"Para a Hist\u00f3ria das Alf\u00e2ndegas em Portugal"},"content":{"rendered":"","protected":false},"excerpt":{"rendered":"<p><strong>Autor<\/strong>: Jo\u00e3o Cordeiro Pereira<br \/>\n<strong>Ano<\/strong>: 1983<br \/>\n<strong>Descri\u00e7\u00e3o<\/strong>: as alf\u00e2ndegas no in\u00edcio do s\u00e9culo XVI, com destaque para a de <a href=\"https:\/\/viladoconde.com\/\" target=\"_blank\" rel=\"noopener\">Vila do Conde<\/a><\/p>\n","protected":false},"featured_media":1882,"template":"","meta":[],"product_cat":[148],"product_tag":[103],"class_list":["post-1881","product","type-product","status-publish","has-post-thumbnail","hentry","product_cat-livros-publicacoes","product_tag-alfandega"],"_links":{"self":[{"href":"https:\/\/viladoconde.com\/en\/wp-json\/wp\/v2\/product\/1881","targetHints":{"allow":["GET"]}}],"collection":[{"href":"https:\/\/viladoconde.com\/en\/wp-json\/wp\/v2\/product"}],"about":[{"href":"https:\/\/viladoconde.com\/en\/wp-json\/wp\/v2\/types\/product"}],"wp:featuredmedia":[{"embeddable":true,"href":"https:\/\/viladoconde.com\/en\/wp-json\/wp\/v2\/media\/1882"}],"wp:attachment":[{"href":"https:\/\/viladoconde.com\/en\/wp-json\/wp\/v2\/media?parent=1881"}],"wp:term":[{"taxonomy":"product_cat","embeddable":true,"href":"https:\/\/viladoconde.com\/en\/wp-json\/wp\/v2\/product_cat?post=1881"},{"taxonomy":"product_tag","embeddable":true,"href":"https:\/\/viladoconde.com\/en\/wp-json\/wp\/v2\/product_tag?post=1881"}],"curies":[{"name":"wp","href":"https:\/\/api.w.org\/{rel}","templated":true}]}}