{"id":1886,"date":"2019-04-07T19:08:14","date_gmt":"2019-04-07T19:08:14","guid":{"rendered":"http:\/\/viladoconde.com\/?post_type=product&#038;p=1886"},"modified":"2021-03-14T18:26:09","modified_gmt":"2021-03-14T18:26:09","slug":"memoria-dos-infantes-d-affonco-sanches-e-dona-thereja-martins","status":"publish","type":"product","link":"https:\/\/viladoconde.com\/en\/produto\/memoria-dos-infantes-d-affonco-sanches-e-dona-thereja-martins\/","title":{"rendered":"Memoria dos Infantes D. Affon\u00e7o Sanches e Dona Thereja Martins"},"content":{"rendered":"","protected":false},"excerpt":{"rendered":"<p><strong>Autor<\/strong>: Padre Fr. Fernando da Soledade<br \/>\n<strong>Ano<\/strong>: 1726<br \/>\n<strong>Descri\u00e7\u00e3o<\/strong>: biografia de D. Afonso Sanches e D. Teresa Martins, fundadores do <a href=\"https:\/\/viladoconde.com\/mosteiro-e-igreja-de-santa-clara\/\" target=\"_blank\" rel=\"noopener\">Mosteiro de Santa Clara<\/a>, com vista \u00e0 sua beatifica\u00e7\u00e3o<\/p>\n","protected":false},"featured_media":3609,"template":"","meta":[],"product_cat":[148],"product_tag":[263],"class_list":["post-1886","product","type-product","status-publish","has-post-thumbnail","hentry","product_cat-livros-publicacoes","product_tag-mosteiro-de-santa-clara"],"_links":{"self":[{"href":"https:\/\/viladoconde.com\/en\/wp-json\/wp\/v2\/product\/1886","targetHints":{"allow":["GET"]}}],"collection":[{"href":"https:\/\/viladoconde.com\/en\/wp-json\/wp\/v2\/product"}],"about":[{"href":"https:\/\/viladoconde.com\/en\/wp-json\/wp\/v2\/types\/product"}],"wp:featuredmedia":[{"embeddable":true,"href":"https:\/\/viladoconde.com\/en\/wp-json\/wp\/v2\/media\/3609"}],"wp:attachment":[{"href":"https:\/\/viladoconde.com\/en\/wp-json\/wp\/v2\/media?parent=1886"}],"wp:term":[{"taxonomy":"product_cat","embeddable":true,"href":"https:\/\/viladoconde.com\/en\/wp-json\/wp\/v2\/product_cat?post=1886"},{"taxonomy":"product_tag","embeddable":true,"href":"https:\/\/viladoconde.com\/en\/wp-json\/wp\/v2\/product_tag?post=1886"}],"curies":[{"name":"wp","href":"https:\/\/api.w.org\/{rel}","templated":true}]}}