{"id":3726,"date":"2019-07-05T08:09:57","date_gmt":"2019-07-05T08:09:57","guid":{"rendered":"https:\/\/viladoconde.com\/?post_type=product&#038;p=3726"},"modified":"2019-12-04T22:10:49","modified_gmt":"2019-12-04T22:10:49","slug":"exposicao-de-tabuas-votivas-maritimas-de-vila-do-conde-e-azurara-guia","status":"publish","type":"product","link":"https:\/\/viladoconde.com\/en\/produto\/exposicao-de-tabuas-votivas-maritimas-de-vila-do-conde-e-azurara-guia\/","title":{"rendered":"Exposi\u00e7\u00e3o de T\u00e1buas Votivas Mar\u00edtimas de Vila do Conde e Azurara &#8211; guia"},"content":{"rendered":"","protected":false},"excerpt":{"rendered":"<p><strong>Ano<\/strong>: 1993<br \/>\n<strong>Descri\u00e7\u00e3o<\/strong>: guia das obras retratadas na exposi\u00e7\u00e3o<\/p>\n","protected":false},"featured_media":3727,"template":"","meta":[],"product_cat":[225],"product_tag":[108],"class_list":["post-3726","product","type-product","status-publish","has-post-thumbnail","hentry","product_cat-diversos","product_tag-azurara"],"_links":{"self":[{"href":"https:\/\/viladoconde.com\/en\/wp-json\/wp\/v2\/product\/3726","targetHints":{"allow":["GET"]}}],"collection":[{"href":"https:\/\/viladoconde.com\/en\/wp-json\/wp\/v2\/product"}],"about":[{"href":"https:\/\/viladoconde.com\/en\/wp-json\/wp\/v2\/types\/product"}],"wp:featuredmedia":[{"embeddable":true,"href":"https:\/\/viladoconde.com\/en\/wp-json\/wp\/v2\/media\/3727"}],"wp:attachment":[{"href":"https:\/\/viladoconde.com\/en\/wp-json\/wp\/v2\/media?parent=3726"}],"wp:term":[{"taxonomy":"product_cat","embeddable":true,"href":"https:\/\/viladoconde.com\/en\/wp-json\/wp\/v2\/product_cat?post=3726"},{"taxonomy":"product_tag","embeddable":true,"href":"https:\/\/viladoconde.com\/en\/wp-json\/wp\/v2\/product_tag?post=3726"}],"curies":[{"name":"wp","href":"https:\/\/api.w.org\/{rel}","templated":true}]}}