{"id":3754,"date":"2019-07-05T17:24:56","date_gmt":"2019-07-05T17:24:56","guid":{"rendered":"https:\/\/viladoconde.com\/?post_type=product&#038;p=3754"},"modified":"2021-03-26T01:02:15","modified_gmt":"2021-03-26T01:02:15","slug":"vila-cha-e-suas-origens-livro","status":"publish","type":"product","link":"https:\/\/viladoconde.com\/en\/produto\/vila-cha-e-suas-origens-livro\/","title":{"rendered":"Vila Ch\u00e3 e suas Origens"},"content":{"rendered":"","protected":false},"excerpt":{"rendered":"<p><strong>Autor:<\/strong> Ant\u00f3nio de Azevedo Dias<br \/>\n<strong>Ano<\/strong>: 2009<br \/>\n<strong>Descri\u00e7\u00e3o<\/strong>: reuni\u00e3o de um conjunto de artigos publicados no jornal &#8220;Vila Plana&#8221;, depois de correc\u00e7\u00f5es, acrescentos e reordena\u00e7\u00e3o<\/p>\n","protected":false},"featured_media":3755,"template":"","meta":[],"product_cat":[148],"product_tag":[231],"class_list":["post-3754","product","type-product","status-publish","has-post-thumbnail","hentry","product_cat-livros-publicacoes","product_tag-vila-cha"],"_links":{"self":[{"href":"https:\/\/viladoconde.com\/en\/wp-json\/wp\/v2\/product\/3754","targetHints":{"allow":["GET"]}}],"collection":[{"href":"https:\/\/viladoconde.com\/en\/wp-json\/wp\/v2\/product"}],"about":[{"href":"https:\/\/viladoconde.com\/en\/wp-json\/wp\/v2\/types\/product"}],"wp:featuredmedia":[{"embeddable":true,"href":"https:\/\/viladoconde.com\/en\/wp-json\/wp\/v2\/media\/3755"}],"wp:attachment":[{"href":"https:\/\/viladoconde.com\/en\/wp-json\/wp\/v2\/media?parent=3754"}],"wp:term":[{"taxonomy":"product_cat","embeddable":true,"href":"https:\/\/viladoconde.com\/en\/wp-json\/wp\/v2\/product_cat?post=3754"},{"taxonomy":"product_tag","embeddable":true,"href":"https:\/\/viladoconde.com\/en\/wp-json\/wp\/v2\/product_tag?post=3754"}],"curies":[{"name":"wp","href":"https:\/\/api.w.org\/{rel}","templated":true}]}}