{"id":3758,"date":"2019-07-05T18:07:28","date_gmt":"2019-07-05T18:07:28","guid":{"rendered":"https:\/\/viladoconde.com\/?post_type=product&#038;p=3758"},"modified":"2019-07-15T12:06:12","modified_gmt":"2019-07-15T12:06:12","slug":"exposicao-artur-guimaraes-guia","status":"publish","type":"product","link":"https:\/\/viladoconde.com\/en\/produto\/exposicao-artur-guimaraes-guia\/","title":{"rendered":"Exposi\u00e7\u00e3o Artur Guimar\u00e3es &#8211; guia"},"content":{"rendered":"","protected":false},"excerpt":{"rendered":"<p><strong>Autor:<\/strong><br \/>\n<strong>Ano<\/strong>:<br \/>\n<strong>Descri\u00e7\u00e3o<\/strong>: <\/p>\n","protected":false},"featured_media":3759,"template":"","meta":[],"product_cat":[225],"product_tag":[],"class_list":["post-3758","product","type-product","status-publish","has-post-thumbnail","hentry","product_cat-diversos"],"_links":{"self":[{"href":"https:\/\/viladoconde.com\/en\/wp-json\/wp\/v2\/product\/3758","targetHints":{"allow":["GET"]}}],"collection":[{"href":"https:\/\/viladoconde.com\/en\/wp-json\/wp\/v2\/product"}],"about":[{"href":"https:\/\/viladoconde.com\/en\/wp-json\/wp\/v2\/types\/product"}],"wp:featuredmedia":[{"embeddable":true,"href":"https:\/\/viladoconde.com\/en\/wp-json\/wp\/v2\/media\/3759"}],"wp:attachment":[{"href":"https:\/\/viladoconde.com\/en\/wp-json\/wp\/v2\/media?parent=3758"}],"wp:term":[{"taxonomy":"product_cat","embeddable":true,"href":"https:\/\/viladoconde.com\/en\/wp-json\/wp\/v2\/product_cat?post=3758"},{"taxonomy":"product_tag","embeddable":true,"href":"https:\/\/viladoconde.com\/en\/wp-json\/wp\/v2\/product_tag?post=3758"}],"curies":[{"name":"wp","href":"https:\/\/api.w.org\/{rel}","templated":true}]}}