{"id":3795,"date":"2019-07-07T09:42:29","date_gmt":"2019-07-07T09:42:29","guid":{"rendered":"https:\/\/viladoconde.com\/?post_type=product&#038;p=3795"},"modified":"2021-03-28T20:06:02","modified_gmt":"2021-03-28T20:06:02","slug":"azurara-breve-noticia-historica-e-etnografica-livro","status":"publish","type":"product","link":"https:\/\/viladoconde.com\/en\/produto\/azurara-breve-noticia-historica-e-etnografica-livro\/","title":{"rendered":"Azurara &#8211; Breve Not\u00edcia Hist\u00f3rica e Etnogr\u00e1fica"},"content":{"rendered":"","protected":false},"excerpt":{"rendered":"<p><strong>Autor<\/strong>: P. Serafim Gon\u00e7alves das Neves<br \/>\n<strong>Ano<\/strong>: 1965<br \/>\n<strong>Descri\u00e7\u00e3o<\/strong>: monografia da freguesia de Azurara<\/p>\n","protected":false},"featured_media":6183,"template":"","meta":[],"product_cat":[148],"product_tag":[108],"class_list":["post-3795","product","type-product","status-publish","has-post-thumbnail","hentry","product_cat-livros-publicacoes","product_tag-azurara"],"_links":{"self":[{"href":"https:\/\/viladoconde.com\/en\/wp-json\/wp\/v2\/product\/3795","targetHints":{"allow":["GET"]}}],"collection":[{"href":"https:\/\/viladoconde.com\/en\/wp-json\/wp\/v2\/product"}],"about":[{"href":"https:\/\/viladoconde.com\/en\/wp-json\/wp\/v2\/types\/product"}],"wp:featuredmedia":[{"embeddable":true,"href":"https:\/\/viladoconde.com\/en\/wp-json\/wp\/v2\/media\/6183"}],"wp:attachment":[{"href":"https:\/\/viladoconde.com\/en\/wp-json\/wp\/v2\/media?parent=3795"}],"wp:term":[{"taxonomy":"product_cat","embeddable":true,"href":"https:\/\/viladoconde.com\/en\/wp-json\/wp\/v2\/product_cat?post=3795"},{"taxonomy":"product_tag","embeddable":true,"href":"https:\/\/viladoconde.com\/en\/wp-json\/wp\/v2\/product_tag?post=3795"}],"curies":[{"name":"wp","href":"https:\/\/api.w.org\/{rel}","templated":true}]}}