{"id":3922,"date":"2019-07-07T10:36:12","date_gmt":"2019-07-07T10:36:12","guid":{"rendered":"https:\/\/viladoconde.com\/?post_type=product&#038;p=3922"},"modified":"2021-03-28T20:20:28","modified_gmt":"2021-03-28T20:20:28","slug":"as-ultimas-freiras-livro","status":"publish","type":"product","link":"https:\/\/viladoconde.com\/en\/produto\/as-ultimas-freiras-livro\/","title":{"rendered":"As \u00daltimas Freiras"},"content":{"rendered":"","protected":false},"excerpt":{"rendered":"<p><strong>Autor<\/strong>: T. Lino D&#8217;Assump\u00e7\u00e3o<br \/>\n<strong>Ano<\/strong>: 1894<br \/>\n<strong>Descri\u00e7\u00e3o<\/strong>: quase todo dedicado ao Mosteiro de Santa Clara de Vila do Conde, com v\u00e1rios apontamentos hist\u00f3ricos in\u00e9ditos at\u00e9 \u00e0 data<\/p>\n","protected":false},"featured_media":6186,"template":"","meta":[],"product_cat":[148],"product_tag":[263,291,194],"class_list":["post-3922","product","type-product","status-publish","has-post-thumbnail","hentry","product_cat-livros-publicacoes","product_tag-mosteiro-de-santa-clara","product_tag-mosteiro-de-vairao","product_tag-vairao"],"_links":{"self":[{"href":"https:\/\/viladoconde.com\/en\/wp-json\/wp\/v2\/product\/3922","targetHints":{"allow":["GET"]}}],"collection":[{"href":"https:\/\/viladoconde.com\/en\/wp-json\/wp\/v2\/product"}],"about":[{"href":"https:\/\/viladoconde.com\/en\/wp-json\/wp\/v2\/types\/product"}],"wp:featuredmedia":[{"embeddable":true,"href":"https:\/\/viladoconde.com\/en\/wp-json\/wp\/v2\/media\/6186"}],"wp:attachment":[{"href":"https:\/\/viladoconde.com\/en\/wp-json\/wp\/v2\/media?parent=3922"}],"wp:term":[{"taxonomy":"product_cat","embeddable":true,"href":"https:\/\/viladoconde.com\/en\/wp-json\/wp\/v2\/product_cat?post=3922"},{"taxonomy":"product_tag","embeddable":true,"href":"https:\/\/viladoconde.com\/en\/wp-json\/wp\/v2\/product_tag?post=3922"}],"curies":[{"name":"wp","href":"https:\/\/api.w.org\/{rel}","templated":true}]}}