{"id":3932,"date":"2019-07-07T12:15:18","date_gmt":"2019-07-07T12:15:18","guid":{"rendered":"https:\/\/viladoconde.com\/?post_type=product&#038;p=3932"},"modified":"2021-03-29T11:07:48","modified_gmt":"2021-03-29T11:07:48","slug":"no-centenario-de-antero","status":"publish","type":"product","link":"https:\/\/viladoconde.com\/en\/produto\/no-centenario-de-antero\/","title":{"rendered":"No Centen\u00e1rio de Antero"},"content":{"rendered":"","protected":false},"excerpt":{"rendered":"<p><strong>Autor<\/strong>: C\u00e2mara Municipal de <a href=\"https:\/\/viladoconde.com\/\" target=\"_blank\" rel=\"noopener\">Vila do Conde<\/a><br \/>\n<strong>Ano<\/strong>: 1942<br \/>\n<strong>Descri\u00e7\u00e3o<\/strong>: comemora\u00e7\u00e3o do centen\u00e1rio do nascimento de Antero de Quental<\/p>\n","protected":false},"featured_media":6199,"template":"","meta":[],"product_cat":[148],"product_tag":[123],"class_list":["post-3932","product","type-product","status-publish","has-post-thumbnail","hentry","product_cat-livros-publicacoes","product_tag-antero"],"_links":{"self":[{"href":"https:\/\/viladoconde.com\/en\/wp-json\/wp\/v2\/product\/3932","targetHints":{"allow":["GET"]}}],"collection":[{"href":"https:\/\/viladoconde.com\/en\/wp-json\/wp\/v2\/product"}],"about":[{"href":"https:\/\/viladoconde.com\/en\/wp-json\/wp\/v2\/types\/product"}],"wp:featuredmedia":[{"embeddable":true,"href":"https:\/\/viladoconde.com\/en\/wp-json\/wp\/v2\/media\/6199"}],"wp:attachment":[{"href":"https:\/\/viladoconde.com\/en\/wp-json\/wp\/v2\/media?parent=3932"}],"wp:term":[{"taxonomy":"product_cat","embeddable":true,"href":"https:\/\/viladoconde.com\/en\/wp-json\/wp\/v2\/product_cat?post=3932"},{"taxonomy":"product_tag","embeddable":true,"href":"https:\/\/viladoconde.com\/en\/wp-json\/wp\/v2\/product_tag?post=3932"}],"curies":[{"name":"wp","href":"https:\/\/api.w.org\/{rel}","templated":true}]}}