{"id":3933,"date":"2019-07-07T12:18:39","date_gmt":"2019-07-07T12:18:39","guid":{"rendered":"https:\/\/viladoconde.com\/?post_type=product&#038;p=3933"},"modified":"2021-03-29T11:11:45","modified_gmt":"2021-03-29T11:11:45","slug":"a-talha-no-concelho-de-vila-do-conde","status":"publish","type":"product","link":"https:\/\/viladoconde.com\/en\/produto\/a-talha-no-concelho-de-vila-do-conde\/","title":{"rendered":"A Talha no Concelho de Vila do Conde"},"content":{"rendered":"","protected":false},"excerpt":{"rendered":"<p><strong>Autor<\/strong>: Fl\u00e1vio Gon\u00e7alves<br \/>\n<strong>Ano<\/strong>: 1978<br \/>\n<strong>Descri\u00e7\u00e3o<\/strong>: cat\u00e1logo da exposi\u00e7\u00e3o fotogr\u00e1fica sobre a talha em <a href=\"https:\/\/viladoconde.com\/\" target=\"_blank\" rel=\"noopener\">Vila do Conde<\/a><\/p>\n","protected":false},"featured_media":6200,"template":"","meta":[],"product_cat":[148],"product_tag":[],"class_list":["post-3933","product","type-product","status-publish","has-post-thumbnail","hentry","product_cat-livros-publicacoes"],"_links":{"self":[{"href":"https:\/\/viladoconde.com\/en\/wp-json\/wp\/v2\/product\/3933","targetHints":{"allow":["GET"]}}],"collection":[{"href":"https:\/\/viladoconde.com\/en\/wp-json\/wp\/v2\/product"}],"about":[{"href":"https:\/\/viladoconde.com\/en\/wp-json\/wp\/v2\/types\/product"}],"wp:featuredmedia":[{"embeddable":true,"href":"https:\/\/viladoconde.com\/en\/wp-json\/wp\/v2\/media\/6200"}],"wp:attachment":[{"href":"https:\/\/viladoconde.com\/en\/wp-json\/wp\/v2\/media?parent=3933"}],"wp:term":[{"taxonomy":"product_cat","embeddable":true,"href":"https:\/\/viladoconde.com\/en\/wp-json\/wp\/v2\/product_cat?post=3933"},{"taxonomy":"product_tag","embeddable":true,"href":"https:\/\/viladoconde.com\/en\/wp-json\/wp\/v2\/product_tag?post=3933"}],"curies":[{"name":"wp","href":"https:\/\/api.w.org\/{rel}","templated":true}]}}