{"id":3934,"date":"2019-07-07T15:34:58","date_gmt":"2019-07-07T15:34:58","guid":{"rendered":"https:\/\/viladoconde.com\/?post_type=product&#038;p=3934"},"modified":"2022-12-31T13:43:42","modified_gmt":"2022-12-31T13:43:42","slug":"subsidios-de-monografia-de-sao-salvador-de-arvore","status":"publish","type":"product","link":"https:\/\/viladoconde.com\/en\/produto\/subsidios-de-monografia-de-sao-salvador-de-arvore\/","title":{"rendered":"Subs\u00eddios de Monografia de S\u00e3o Salvador de \u00c1rvore"},"content":{"rendered":"","protected":false},"excerpt":{"rendered":"<p><strong>Autor<\/strong>: Manuel Joaquim da Costa Maia<br \/>\n<strong>Ano<\/strong>: 1995<br \/>\n<strong>Descri\u00e7\u00e3o<\/strong>: monografia da freguesia de \u00c1rvore, par\u00f3quia de S\u00e3o Salvador<\/p>\n","protected":false},"featured_media":6201,"template":"","meta":[],"product_cat":[148],"product_tag":[234],"class_list":["post-3934","product","type-product","status-publish","has-post-thumbnail","hentry","product_cat-livros-publicacoes","product_tag-arvore"],"_links":{"self":[{"href":"https:\/\/viladoconde.com\/en\/wp-json\/wp\/v2\/product\/3934","targetHints":{"allow":["GET"]}}],"collection":[{"href":"https:\/\/viladoconde.com\/en\/wp-json\/wp\/v2\/product"}],"about":[{"href":"https:\/\/viladoconde.com\/en\/wp-json\/wp\/v2\/types\/product"}],"wp:featuredmedia":[{"embeddable":true,"href":"https:\/\/viladoconde.com\/en\/wp-json\/wp\/v2\/media\/6201"}],"wp:attachment":[{"href":"https:\/\/viladoconde.com\/en\/wp-json\/wp\/v2\/media?parent=3934"}],"wp:term":[{"taxonomy":"product_cat","embeddable":true,"href":"https:\/\/viladoconde.com\/en\/wp-json\/wp\/v2\/product_cat?post=3934"},{"taxonomy":"product_tag","embeddable":true,"href":"https:\/\/viladoconde.com\/en\/wp-json\/wp\/v2\/product_tag?post=3934"}],"curies":[{"name":"wp","href":"https:\/\/api.w.org\/{rel}","templated":true}]}}