{"id":4116,"date":"2019-07-24T18:05:31","date_gmt":"2019-07-24T18:05:31","guid":{"rendered":"https:\/\/viladoconde.com\/?post_type=product&#038;p=4116"},"modified":"2021-03-26T01:24:57","modified_gmt":"2021-03-26T01:24:57","slug":"memorias-do-circuito-de-vila-do-conde-volume-ii-1970-1981","status":"publish","type":"product","link":"https:\/\/viladoconde.com\/en\/produto\/memorias-do-circuito-de-vila-do-conde-volume-ii-1970-1981\/","title":{"rendered":"Mem\u00f3rias do Circuito de Vila do Conde &#8211; Volume II &#8211; 1970-1981"},"content":{"rendered":"","protected":false},"excerpt":{"rendered":"<p><strong>Autor<\/strong>: Jos\u00e9 Mota Freitas<br \/>\n<strong>Ano<\/strong>: 2008<br \/>\n<strong>Descri\u00e7\u00e3o<\/strong>: resumos das competi\u00e7\u00f5es efectuadas no Circuito de Vila do Conde entre os anos de 1970 e 1981. Edi\u00e7\u00e3o especial da revista Topos &amp; Cl\u00e1ssicos.<\/p>\n","protected":false},"featured_media":4113,"template":"","meta":[],"product_cat":[148],"product_tag":[235],"class_list":["post-4116","product","type-product","status-publish","has-post-thumbnail","hentry","product_cat-livros-publicacoes","product_tag-circuito"],"_links":{"self":[{"href":"https:\/\/viladoconde.com\/en\/wp-json\/wp\/v2\/product\/4116","targetHints":{"allow":["GET"]}}],"collection":[{"href":"https:\/\/viladoconde.com\/en\/wp-json\/wp\/v2\/product"}],"about":[{"href":"https:\/\/viladoconde.com\/en\/wp-json\/wp\/v2\/types\/product"}],"wp:featuredmedia":[{"embeddable":true,"href":"https:\/\/viladoconde.com\/en\/wp-json\/wp\/v2\/media\/4113"}],"wp:attachment":[{"href":"https:\/\/viladoconde.com\/en\/wp-json\/wp\/v2\/media?parent=4116"}],"wp:term":[{"taxonomy":"product_cat","embeddable":true,"href":"https:\/\/viladoconde.com\/en\/wp-json\/wp\/v2\/product_cat?post=4116"},{"taxonomy":"product_tag","embeddable":true,"href":"https:\/\/viladoconde.com\/en\/wp-json\/wp\/v2\/product_tag?post=4116"}],"curies":[{"name":"wp","href":"https:\/\/api.w.org\/{rel}","templated":true}]}}