{"id":4121,"date":"2019-07-25T15:43:50","date_gmt":"2019-07-25T15:43:50","guid":{"rendered":"https:\/\/viladoconde.com\/?post_type=product&#038;p=4121"},"modified":"2019-07-25T15:55:26","modified_gmt":"2019-07-25T15:55:26","slug":"accao-companhia-rio-ave-1888","status":"publish","type":"product","link":"https:\/\/viladoconde.com\/en\/produto\/accao-companhia-rio-ave-1888\/","title":{"rendered":"Ac\u00e7\u00e3o Companhia Rio Ave &#8211; 1888"},"content":{"rendered":"","protected":false},"excerpt":{"rendered":"<p><strong>Ano<\/strong>: 1888<br \/>\n<strong>Descri\u00e7\u00e3o<\/strong>: t\u00edtulo de uma ac\u00e7\u00e3o da Companhia Rio Ave, f\u00e1brica de fia\u00e7\u00e3o, torcedura, tecelagem, branquea\u00e7\u00e3o e tinturaria de algod\u00e3o. Encontrava-se na margem do rio, onde mais tarde se instalou a Prazol. Inclui registos das mudan\u00e7as de dono at\u00e9 1963, acompanhados de v\u00e1rios selos fiscais e carimbos de dividendos at\u00e9 1965.<\/p>\n","protected":false},"featured_media":4122,"template":"","meta":[],"product_cat":[225],"product_tag":[235],"class_list":["post-4121","product","type-product","status-publish","has-post-thumbnail","hentry","product_cat-diversos","product_tag-circuito"],"_links":{"self":[{"href":"https:\/\/viladoconde.com\/en\/wp-json\/wp\/v2\/product\/4121","targetHints":{"allow":["GET"]}}],"collection":[{"href":"https:\/\/viladoconde.com\/en\/wp-json\/wp\/v2\/product"}],"about":[{"href":"https:\/\/viladoconde.com\/en\/wp-json\/wp\/v2\/types\/product"}],"wp:featuredmedia":[{"embeddable":true,"href":"https:\/\/viladoconde.com\/en\/wp-json\/wp\/v2\/media\/4122"}],"wp:attachment":[{"href":"https:\/\/viladoconde.com\/en\/wp-json\/wp\/v2\/media?parent=4121"}],"wp:term":[{"taxonomy":"product_cat","embeddable":true,"href":"https:\/\/viladoconde.com\/en\/wp-json\/wp\/v2\/product_cat?post=4121"},{"taxonomy":"product_tag","embeddable":true,"href":"https:\/\/viladoconde.com\/en\/wp-json\/wp\/v2\/product_tag?post=4121"}],"curies":[{"name":"wp","href":"https:\/\/api.w.org\/{rel}","templated":true}]}}