{"id":4212,"date":"2019-08-13T16:52:17","date_gmt":"2019-08-13T16:52:17","guid":{"rendered":"https:\/\/viladoconde.com\/?post_type=product&#038;p=4212"},"modified":"2019-08-13T16:58:37","modified_gmt":"2019-08-13T16:58:37","slug":"etiqueta-palacio-hotel","status":"publish","type":"product","link":"https:\/\/viladoconde.com\/en\/produto\/etiqueta-palacio-hotel\/","title":{"rendered":"Etiqueta Pal\u00e1cio Hotel"},"content":{"rendered":"","protected":false},"excerpt":{"rendered":"<p><strong>Descri\u00e7\u00e3o<\/strong>: etiqueta do Pal\u00e1cio Hotel, utilizada para as bagagens<\/p>\n","protected":false},"featured_media":4213,"template":"","meta":[],"product_cat":[225],"product_tag":[137],"class_list":["post-4212","product","type-product","status-publish","has-post-thumbnail","hentry","product_cat-diversos","product_tag-palace"],"_links":{"self":[{"href":"https:\/\/viladoconde.com\/en\/wp-json\/wp\/v2\/product\/4212","targetHints":{"allow":["GET"]}}],"collection":[{"href":"https:\/\/viladoconde.com\/en\/wp-json\/wp\/v2\/product"}],"about":[{"href":"https:\/\/viladoconde.com\/en\/wp-json\/wp\/v2\/types\/product"}],"wp:featuredmedia":[{"embeddable":true,"href":"https:\/\/viladoconde.com\/en\/wp-json\/wp\/v2\/media\/4213"}],"wp:attachment":[{"href":"https:\/\/viladoconde.com\/en\/wp-json\/wp\/v2\/media?parent=4212"}],"wp:term":[{"taxonomy":"product_cat","embeddable":true,"href":"https:\/\/viladoconde.com\/en\/wp-json\/wp\/v2\/product_cat?post=4212"},{"taxonomy":"product_tag","embeddable":true,"href":"https:\/\/viladoconde.com\/en\/wp-json\/wp\/v2\/product_tag?post=4212"}],"curies":[{"name":"wp","href":"https:\/\/api.w.org\/{rel}","templated":true}]}}