{"id":4443,"date":"2019-09-27T14:28:01","date_gmt":"2019-09-27T14:28:01","guid":{"rendered":"https:\/\/viladoconde.com\/?post_type=product&#038;p=4443"},"modified":"2020-07-05T02:40:45","modified_gmt":"2020-07-05T02:40:45","slug":"garraiada-no-castelo-panfleto-e-bilhete","status":"publish","type":"product","link":"https:\/\/viladoconde.com\/en\/produto\/garraiada-no-castelo-panfleto-e-bilhete\/","title":{"rendered":"Garraiada no Castelo &#8211; panfleto e bilhete"},"content":{"rendered":"","protected":false},"excerpt":{"rendered":"<p><strong>Descri\u00e7\u00e3o<\/strong>: Panfleto e bilhete da \u00fanica tourada realizada no Forte de S\u00e3o Jo\u00e3o Baptista, em 21 de Setembro de 1925.<\/p>\n","protected":false},"featured_media":3886,"template":"","meta":[],"product_cat":[225],"product_tag":[137],"class_list":["post-4443","product","type-product","status-publish","has-post-thumbnail","hentry","product_cat-diversos","product_tag-palace"],"_links":{"self":[{"href":"https:\/\/viladoconde.com\/en\/wp-json\/wp\/v2\/product\/4443","targetHints":{"allow":["GET"]}}],"collection":[{"href":"https:\/\/viladoconde.com\/en\/wp-json\/wp\/v2\/product"}],"about":[{"href":"https:\/\/viladoconde.com\/en\/wp-json\/wp\/v2\/types\/product"}],"wp:featuredmedia":[{"embeddable":true,"href":"https:\/\/viladoconde.com\/en\/wp-json\/wp\/v2\/media\/3886"}],"wp:attachment":[{"href":"https:\/\/viladoconde.com\/en\/wp-json\/wp\/v2\/media?parent=4443"}],"wp:term":[{"taxonomy":"product_cat","embeddable":true,"href":"https:\/\/viladoconde.com\/en\/wp-json\/wp\/v2\/product_cat?post=4443"},{"taxonomy":"product_tag","embeddable":true,"href":"https:\/\/viladoconde.com\/en\/wp-json\/wp\/v2\/product_tag?post=4443"}],"curies":[{"name":"wp","href":"https:\/\/api.w.org\/{rel}","templated":true}]}}