{"id":4761,"date":"2020-01-19T03:11:18","date_gmt":"2020-01-19T03:11:18","guid":{"rendered":"https:\/\/viladoconde.com\/?post_type=product&#038;p=4761"},"modified":"2020-03-11T17:27:04","modified_gmt":"2020-03-11T17:27:04","slug":"exposicao-julio-saul-dias-catalogo","status":"publish","type":"product","link":"https:\/\/viladoconde.com\/en\/produto\/exposicao-julio-saul-dias-catalogo\/","title":{"rendered":"Exposi\u00e7\u00e3o J\u00falio \/ Sa\u00fal Dias &#8211; cat\u00e1logo"},"content":{"rendered":"","protected":false},"excerpt":{"rendered":"<p><strong>Autor<\/strong>:<br \/>\n<strong>Ano<\/strong>: 2002<br \/>\n<strong>Descri\u00e7\u00e3o<\/strong>: cat\u00e1logo de duas exposi\u00e7\u00f5es de J\u00falio \/ Sa\u00fal Dias, na Biblioteca Municipal e Audit\u00f3rio Municipal<\/p>\n","protected":false},"featured_media":0,"template":"","meta":[],"product_cat":[225],"product_tag":[108],"class_list":["post-4761","product","type-product","status-publish","hentry","product_cat-diversos","product_tag-azurara"],"_links":{"self":[{"href":"https:\/\/viladoconde.com\/en\/wp-json\/wp\/v2\/product\/4761","targetHints":{"allow":["GET"]}}],"collection":[{"href":"https:\/\/viladoconde.com\/en\/wp-json\/wp\/v2\/product"}],"about":[{"href":"https:\/\/viladoconde.com\/en\/wp-json\/wp\/v2\/types\/product"}],"wp:attachment":[{"href":"https:\/\/viladoconde.com\/en\/wp-json\/wp\/v2\/media?parent=4761"}],"wp:term":[{"taxonomy":"product_cat","embeddable":true,"href":"https:\/\/viladoconde.com\/en\/wp-json\/wp\/v2\/product_cat?post=4761"},{"taxonomy":"product_tag","embeddable":true,"href":"https:\/\/viladoconde.com\/en\/wp-json\/wp\/v2\/product_tag?post=4761"}],"curies":[{"name":"wp","href":"https:\/\/api.w.org\/{rel}","templated":true}]}}