{"id":4762,"date":"2020-01-19T03:14:40","date_gmt":"2020-01-19T03:14:40","guid":{"rendered":"https:\/\/viladoconde.com\/?post_type=product&#038;p=4762"},"modified":"2020-11-23T21:33:16","modified_gmt":"2020-11-23T21:33:16","slug":"litografia-julio-maria-dos-reis-pereira-julio-saul-dias-figuras-1945","status":"publish","type":"product","link":"https:\/\/viladoconde.com\/en\/produto\/litografia-julio-maria-dos-reis-pereira-julio-saul-dias-figuras-1945\/","title":{"rendered":"Litografia &#8211; J\u00falio Maria dos Reis Pereira (J\u00falio \/ Sa\u00fal Dias) &#8211; Figuras &#8211; 1945"},"content":{"rendered":"","protected":false},"excerpt":{"rendered":"<p><strong>Autor<\/strong>: J\u00falio Maria dos Reis Pereira<br \/>\n<strong>Ano<\/strong>: 1945<br \/>\n<strong>Descri\u00e7\u00e3o<\/strong>: Litografia sobre papel com pintura de J\u00falio Maria dos Reis Pereira (J\u00falio \/ Sa\u00fal Dias) datada de 1945, assinada e datada por impress\u00e3o, feita no atelier Ant\u00f3nio Inverno e por ele autorizada e assinada, motivo &#8220;Figuras&#8221;, com moldura em madeira preta. Dimens\u00e3o: mancha pict\u00f3rica 46&#215;34 cm, moldura com 69&#215;57 cm.<\/p>\n","protected":false},"featured_media":4997,"template":"","meta":[],"product_cat":[225],"product_tag":[242,266],"class_list":["post-4762","product","type-product","status-publish","has-post-thumbnail","hentry","product_cat-diversos","product_tag-julio","product_tag-quadros"],"_links":{"self":[{"href":"https:\/\/viladoconde.com\/en\/wp-json\/wp\/v2\/product\/4762","targetHints":{"allow":["GET"]}}],"collection":[{"href":"https:\/\/viladoconde.com\/en\/wp-json\/wp\/v2\/product"}],"about":[{"href":"https:\/\/viladoconde.com\/en\/wp-json\/wp\/v2\/types\/product"}],"wp:featuredmedia":[{"embeddable":true,"href":"https:\/\/viladoconde.com\/en\/wp-json\/wp\/v2\/media\/4997"}],"wp:attachment":[{"href":"https:\/\/viladoconde.com\/en\/wp-json\/wp\/v2\/media?parent=4762"}],"wp:term":[{"taxonomy":"product_cat","embeddable":true,"href":"https:\/\/viladoconde.com\/en\/wp-json\/wp\/v2\/product_cat?post=4762"},{"taxonomy":"product_tag","embeddable":true,"href":"https:\/\/viladoconde.com\/en\/wp-json\/wp\/v2\/product_tag?post=4762"}],"curies":[{"name":"wp","href":"https:\/\/api.w.org\/{rel}","templated":true}]}}