{"id":5344,"date":"2020-06-03T18:34:44","date_gmt":"2020-06-03T18:34:44","guid":{"rendered":"https:\/\/viladoconde.com\/?post_type=product&#038;p=5344"},"modified":"2023-03-17T10:27:24","modified_gmt":"2023-03-17T10:27:24","slug":"museu-agricola-regional-em-instalacao-postal","status":"publish","type":"product","link":"https:\/\/viladoconde.com\/en\/produto\/museu-agricola-regional-em-instalacao-postal\/","title":{"rendered":"Museu Agr\u00edcola Regional (em instala\u00e7\u00e3o) &#8211; postal"},"content":{"rendered":"","protected":false},"excerpt":{"rendered":"<p><strong>Edi\u00e7\u00e3o\/Colec\u00e7\u00e3o<\/strong>: Divis\u00e3o Documenta\u00e7\u00e3o e Informa\u00e7\u00e3o &#8211; Porto<br \/>\n<strong>Descri\u00e7\u00e3o<\/strong>: Museu Agr\u00edcola de Entre Douro e Minho (Vair\u00e3o)<br \/>\n<strong>Ano<\/strong>: 1987<\/p>\n","protected":false},"featured_media":5345,"template":"","meta":[],"product_cat":[73],"product_tag":[246,245,194],"class_list":["post-5344","product","type-product","status-publish","has-post-thumbnail","hentry","product_cat-postais-fotos-imagens","product_tag-barao","product_tag-museu","product_tag-vairao"],"_links":{"self":[{"href":"https:\/\/viladoconde.com\/en\/wp-json\/wp\/v2\/product\/5344","targetHints":{"allow":["GET"]}}],"collection":[{"href":"https:\/\/viladoconde.com\/en\/wp-json\/wp\/v2\/product"}],"about":[{"href":"https:\/\/viladoconde.com\/en\/wp-json\/wp\/v2\/types\/product"}],"wp:featuredmedia":[{"embeddable":true,"href":"https:\/\/viladoconde.com\/en\/wp-json\/wp\/v2\/media\/5345"}],"wp:attachment":[{"href":"https:\/\/viladoconde.com\/en\/wp-json\/wp\/v2\/media?parent=5344"}],"wp:term":[{"taxonomy":"product_cat","embeddable":true,"href":"https:\/\/viladoconde.com\/en\/wp-json\/wp\/v2\/product_cat?post=5344"},{"taxonomy":"product_tag","embeddable":true,"href":"https:\/\/viladoconde.com\/en\/wp-json\/wp\/v2\/product_tag?post=5344"}],"curies":[{"name":"wp","href":"https:\/\/api.w.org\/{rel}","templated":true}]}}