{"id":5650,"date":"2020-08-29T17:27:13","date_gmt":"2020-08-29T17:27:13","guid":{"rendered":"https:\/\/viladoconde.com\/?post_type=product&#038;p=5650"},"modified":"2020-12-08T20:58:02","modified_gmt":"2020-12-08T20:58:02","slug":"villa-do-conde-mercado-postal","status":"publish","type":"product","link":"https:\/\/viladoconde.com\/en\/produto\/villa-do-conde-mercado-postal\/","title":{"rendered":"Villa do Conde &#8211; Mercado &#8211; postal"},"content":{"rendered":"","protected":false},"excerpt":{"rendered":"<p><strong>Edi\u00e7\u00e3o\/Colec\u00e7\u00e3o<\/strong>: Alberto Ferreira<br \/>\n<strong>Descri\u00e7\u00e3o<\/strong>: postal do\u00a0mercado na Pra\u00e7a de S\u00e3o Jo\u00e3o, no in\u00edcio do s\u00e9culo XX<\/p>\n","protected":false},"featured_media":5975,"template":"","meta":[],"product_cat":[73],"product_tag":[173,138,179,185],"class_list":["post-5650","product","type-product","status-publish","has-post-thumbnail","hentry","product_cat-postais-fotos-imagens","product_tag-a-ferreira","product_tag-central","product_tag-feira","product_tag-praca-sao-joao"],"_links":{"self":[{"href":"https:\/\/viladoconde.com\/en\/wp-json\/wp\/v2\/product\/5650","targetHints":{"allow":["GET"]}}],"collection":[{"href":"https:\/\/viladoconde.com\/en\/wp-json\/wp\/v2\/product"}],"about":[{"href":"https:\/\/viladoconde.com\/en\/wp-json\/wp\/v2\/types\/product"}],"wp:featuredmedia":[{"embeddable":true,"href":"https:\/\/viladoconde.com\/en\/wp-json\/wp\/v2\/media\/5975"}],"wp:attachment":[{"href":"https:\/\/viladoconde.com\/en\/wp-json\/wp\/v2\/media?parent=5650"}],"wp:term":[{"taxonomy":"product_cat","embeddable":true,"href":"https:\/\/viladoconde.com\/en\/wp-json\/wp\/v2\/product_cat?post=5650"},{"taxonomy":"product_tag","embeddable":true,"href":"https:\/\/viladoconde.com\/en\/wp-json\/wp\/v2\/product_tag?post=5650"}],"curies":[{"name":"wp","href":"https:\/\/api.w.org\/{rel}","templated":true}]}}