{"id":5901,"date":"2020-12-07T05:38:10","date_gmt":"2020-12-07T05:38:10","guid":{"rendered":"https:\/\/viladoconde.com\/?post_type=product&#038;p=5901"},"modified":"2020-12-07T05:45:40","modified_gmt":"2020-12-07T05:45:40","slug":"vila-do-conde-jardim-da-avenida-julio-graca-postal","status":"publish","type":"product","link":"https:\/\/viladoconde.com\/en\/produto\/vila-do-conde-jardim-da-avenida-julio-graca-postal\/","title":{"rendered":"Vila do Conde &#8211; Jardim da Avenida J\u00falio Gra\u00e7a &#8211; postal"},"content":{"rendered":"","protected":false},"excerpt":{"rendered":"<p><strong>Edi\u00e7\u00e3o\/Colec\u00e7\u00e3o<\/strong>: Union Postale Universelle (colorido)<br \/>\n<strong>Descri\u00e7\u00e3o<\/strong>: postal do jardim da Avenida J\u00falio Gra\u00e7a<\/p>\n","protected":false},"featured_media":5888,"template":"","meta":[],"product_cat":[73],"product_tag":[274,132,261,152],"class_list":["post-5901","product","type-product","status-publish","has-post-thumbnail","hentry","product_cat-postais-fotos-imagens","product_tag-colorido","product_tag-jardim","product_tag-julio-graca","product_tag-upu"],"_links":{"self":[{"href":"https:\/\/viladoconde.com\/en\/wp-json\/wp\/v2\/product\/5901","targetHints":{"allow":["GET"]}}],"collection":[{"href":"https:\/\/viladoconde.com\/en\/wp-json\/wp\/v2\/product"}],"about":[{"href":"https:\/\/viladoconde.com\/en\/wp-json\/wp\/v2\/types\/product"}],"wp:featuredmedia":[{"embeddable":true,"href":"https:\/\/viladoconde.com\/en\/wp-json\/wp\/v2\/media\/5888"}],"wp:attachment":[{"href":"https:\/\/viladoconde.com\/en\/wp-json\/wp\/v2\/media?parent=5901"}],"wp:term":[{"taxonomy":"product_cat","embeddable":true,"href":"https:\/\/viladoconde.com\/en\/wp-json\/wp\/v2\/product_cat?post=5901"},{"taxonomy":"product_tag","embeddable":true,"href":"https:\/\/viladoconde.com\/en\/wp-json\/wp\/v2\/product_tag?post=5901"}],"curies":[{"name":"wp","href":"https:\/\/api.w.org\/{rel}","templated":true}]}}