{"id":5903,"date":"2020-12-07T06:06:41","date_gmt":"2020-12-07T06:06:41","guid":{"rendered":"https:\/\/viladoconde.com\/?post_type=product&#038;p=5903"},"modified":"2020-12-07T06:09:15","modified_gmt":"2020-12-07T06:09:15","slug":"vila-do-conde-praca-de-s-joao-e-rua-d-luiz-i-postal","status":"publish","type":"product","link":"https:\/\/viladoconde.com\/en\/produto\/vila-do-conde-praca-de-s-joao-e-rua-d-luiz-i-postal\/","title":{"rendered":"Vila do Conde &#8211; Pra\u00e7a de S. Jo\u00e3o e Rua D. Luiz I &#8211; postal"},"content":{"rendered":"","protected":false},"excerpt":{"rendered":"<p><strong>Edi\u00e7\u00e3o\/Colec\u00e7\u00e3o<\/strong>: Union Postale Universelle (colorido)<br \/>\n<strong>Descri\u00e7\u00e3o<\/strong>: postal da Rua D. Luiz I e Pra\u00e7a de S\u00e3o Jo\u00e3o (Rua 5 de Outubro)<\/p>\n","protected":false},"featured_media":5892,"template":"","meta":[],"product_cat":[73],"product_tag":[274,276,152],"class_list":["post-5903","product","type-product","status-publish","has-post-thumbnail","hentry","product_cat-postais-fotos-imagens","product_tag-colorido","product_tag-rua-5-outubro","product_tag-upu"],"_links":{"self":[{"href":"https:\/\/viladoconde.com\/en\/wp-json\/wp\/v2\/product\/5903","targetHints":{"allow":["GET"]}}],"collection":[{"href":"https:\/\/viladoconde.com\/en\/wp-json\/wp\/v2\/product"}],"about":[{"href":"https:\/\/viladoconde.com\/en\/wp-json\/wp\/v2\/types\/product"}],"wp:featuredmedia":[{"embeddable":true,"href":"https:\/\/viladoconde.com\/en\/wp-json\/wp\/v2\/media\/5892"}],"wp:attachment":[{"href":"https:\/\/viladoconde.com\/en\/wp-json\/wp\/v2\/media?parent=5903"}],"wp:term":[{"taxonomy":"product_cat","embeddable":true,"href":"https:\/\/viladoconde.com\/en\/wp-json\/wp\/v2\/product_cat?post=5903"},{"taxonomy":"product_tag","embeddable":true,"href":"https:\/\/viladoconde.com\/en\/wp-json\/wp\/v2\/product_tag?post=5903"}],"curies":[{"name":"wp","href":"https:\/\/api.w.org\/{rel}","templated":true}]}}