{"id":5935,"date":"2020-12-08T11:23:38","date_gmt":"2020-12-08T11:23:38","guid":{"rendered":"https:\/\/viladoconde.com\/?post_type=product&#038;p=5935"},"modified":"2020-12-08T11:35:57","modified_gmt":"2020-12-08T11:35:57","slug":"villa-do-conde-praca-da-republica-postal","status":"publish","type":"product","link":"https:\/\/viladoconde.com\/en\/produto\/villa-do-conde-praca-da-republica-postal\/","title":{"rendered":"Villa do Conde &#8211; Pra\u00e7a da Rep\u00fablica &#8211; postal"},"content":{"rendered":"","protected":false},"excerpt":{"rendered":"<p><strong>Edi\u00e7\u00e3o\/Colec\u00e7\u00e3o<\/strong>: Union Postale Universelle \/ Typographia Ave<br \/>\n<strong>Descri\u00e7\u00e3o<\/strong>: postal de uma festa na Pra\u00e7a da Rep\u00fablica<\/p>\n","protected":false},"featured_media":5915,"template":"","meta":[],"product_cat":[73],"product_tag":[179,85,263,76,159,152],"class_list":["post-5935","product","type-product","status-publish","has-post-thumbnail","hentry","product_cat-postais-fotos-imagens","product_tag-feira","product_tag-festas","product_tag-mosteiro-de-santa-clara","product_tag-terreiro","product_tag-typ-ave","product_tag-upu"],"_links":{"self":[{"href":"https:\/\/viladoconde.com\/en\/wp-json\/wp\/v2\/product\/5935","targetHints":{"allow":["GET"]}}],"collection":[{"href":"https:\/\/viladoconde.com\/en\/wp-json\/wp\/v2\/product"}],"about":[{"href":"https:\/\/viladoconde.com\/en\/wp-json\/wp\/v2\/types\/product"}],"wp:featuredmedia":[{"embeddable":true,"href":"https:\/\/viladoconde.com\/en\/wp-json\/wp\/v2\/media\/5915"}],"wp:attachment":[{"href":"https:\/\/viladoconde.com\/en\/wp-json\/wp\/v2\/media?parent=5935"}],"wp:term":[{"taxonomy":"product_cat","embeddable":true,"href":"https:\/\/viladoconde.com\/en\/wp-json\/wp\/v2\/product_cat?post=5935"},{"taxonomy":"product_tag","embeddable":true,"href":"https:\/\/viladoconde.com\/en\/wp-json\/wp\/v2\/product_tag?post=5935"}],"curies":[{"name":"wp","href":"https:\/\/api.w.org\/{rel}","templated":true}]}}