{"id":5964,"date":"2020-12-08T18:07:32","date_gmt":"2020-12-08T18:07:32","guid":{"rendered":"https:\/\/viladoconde.com\/?post_type=product&#038;p=5964"},"modified":"2020-12-08T18:14:51","modified_gmt":"2020-12-08T18:14:51","slug":"villa-do-conde-aqueducto-das-aguas-livres-postal","status":"publish","type":"product","link":"https:\/\/viladoconde.com\/en\/produto\/villa-do-conde-aqueducto-das-aguas-livres-postal\/","title":{"rendered":"Villa do Conde &#8211; Aqueducto das \u00e1guas livres &#8211; postal"},"content":{"rendered":"","protected":false},"excerpt":{"rendered":"<p><strong>Edi\u00e7\u00e3o\/Colec\u00e7\u00e3o<\/strong>: A. F.<\/p>\n<p><strong>Descri\u00e7\u00e3o<\/strong>: postal do <a href=\"https:\/\/viladoconde.com\/aqueduto-de-santa-clara\/\" target=\"_blank\" rel=\"noopener noreferrer\">Aqueduto de Santa Clara<\/a>, junto ao seu final<\/p>\n","protected":false},"featured_media":5958,"template":"","meta":[],"product_cat":[73],"product_tag":[282,92],"class_list":["post-5964","product","type-product","status-publish","has-post-thumbnail","hentry","product_cat-postais-fotos-imagens","product_tag-a-f","product_tag-aqueduto"],"_links":{"self":[{"href":"https:\/\/viladoconde.com\/en\/wp-json\/wp\/v2\/product\/5964","targetHints":{"allow":["GET"]}}],"collection":[{"href":"https:\/\/viladoconde.com\/en\/wp-json\/wp\/v2\/product"}],"about":[{"href":"https:\/\/viladoconde.com\/en\/wp-json\/wp\/v2\/types\/product"}],"wp:featuredmedia":[{"embeddable":true,"href":"https:\/\/viladoconde.com\/en\/wp-json\/wp\/v2\/media\/5958"}],"wp:attachment":[{"href":"https:\/\/viladoconde.com\/en\/wp-json\/wp\/v2\/media?parent=5964"}],"wp:term":[{"taxonomy":"product_cat","embeddable":true,"href":"https:\/\/viladoconde.com\/en\/wp-json\/wp\/v2\/product_cat?post=5964"},{"taxonomy":"product_tag","embeddable":true,"href":"https:\/\/viladoconde.com\/en\/wp-json\/wp\/v2\/product_tag?post=5964"}],"curies":[{"name":"wp","href":"https:\/\/api.w.org\/{rel}","templated":true}]}}