{"id":5965,"date":"2020-12-08T18:14:59","date_gmt":"2020-12-08T18:14:59","guid":{"rendered":"https:\/\/viladoconde.com\/?post_type=product&#038;p=5965"},"modified":"2020-12-08T18:29:07","modified_gmt":"2020-12-08T18:29:07","slug":"villa-do-conde-fabrica-do-rio-ave-postal","status":"publish","type":"product","link":"https:\/\/viladoconde.com\/en\/produto\/villa-do-conde-fabrica-do-rio-ave-postal\/","title":{"rendered":"Villa do Conde &#8211; F\u00e1brica do Rio Ave &#8211; postal"},"content":{"rendered":"","protected":false},"excerpt":{"rendered":"<p><strong>Edi\u00e7\u00e3o\/Colec\u00e7\u00e3o<\/strong>: A. F.<\/p>\n<p><strong>Descri\u00e7\u00e3o<\/strong>: postal da f\u00e1brica &#8220;Companhia Rio Ave&#8221;<\/p>\n","protected":false},"featured_media":5960,"template":"","meta":[],"product_cat":[73],"product_tag":[282,283,75],"class_list":["post-5965","product","type-product","status-publish","has-post-thumbnail","hentry","product_cat-postais-fotos-imagens","product_tag-a-f","product_tag-companhia-rio-ave","product_tag-rio"],"_links":{"self":[{"href":"https:\/\/viladoconde.com\/en\/wp-json\/wp\/v2\/product\/5965","targetHints":{"allow":["GET"]}}],"collection":[{"href":"https:\/\/viladoconde.com\/en\/wp-json\/wp\/v2\/product"}],"about":[{"href":"https:\/\/viladoconde.com\/en\/wp-json\/wp\/v2\/types\/product"}],"wp:featuredmedia":[{"embeddable":true,"href":"https:\/\/viladoconde.com\/en\/wp-json\/wp\/v2\/media\/5960"}],"wp:attachment":[{"href":"https:\/\/viladoconde.com\/en\/wp-json\/wp\/v2\/media?parent=5965"}],"wp:term":[{"taxonomy":"product_cat","embeddable":true,"href":"https:\/\/viladoconde.com\/en\/wp-json\/wp\/v2\/product_cat?post=5965"},{"taxonomy":"product_tag","embeddable":true,"href":"https:\/\/viladoconde.com\/en\/wp-json\/wp\/v2\/product_tag?post=5965"}],"curies":[{"name":"wp","href":"https:\/\/api.w.org\/{rel}","templated":true}]}}