{"id":6039,"date":"2020-12-09T11:59:53","date_gmt":"2020-12-09T11:59:53","guid":{"rendered":"https:\/\/viladoconde.com\/?post_type=product&#038;p=6039"},"modified":"2020-12-09T12:01:41","modified_gmt":"2020-12-09T12:01:41","slug":"praia-de-vila-do-conde-edificio-dos-pacos-do-concelho-postal-2","status":"publish","type":"product","link":"https:\/\/viladoconde.com\/en\/produto\/praia-de-vila-do-conde-edificio-dos-pacos-do-concelho-postal-2\/","title":{"rendered":"Praia de Vila do Conde &#8211;\u00a0Edif\u00edcio dos Pa\u00e7os do Concelho &#8211; postal"},"content":{"rendered":"","protected":false},"excerpt":{"rendered":"<p><strong>Edi\u00e7\u00e3o\/Colec\u00e7\u00e3o<\/strong>: UPU \/ Mercearia Central \u2013 Jo\u00e3o da Costa Torres (colorido)<br \/>\n<strong>Descri\u00e7\u00e3o<\/strong>: postal dos <a href=\"https:\/\/viladoconde.com\/pacos-do-concelho-e-pelourinho\/\" target=\"_blank\" rel=\"noopener noreferrer\">Pa\u00e7os do Concelho<\/a> e\u00a0Pra\u00e7a Vasco da Gama<\/p>\n","protected":false},"featured_media":6004,"template":"","meta":[],"product_cat":[73],"product_tag":[93,132,264,150,285,152],"class_list":["post-6039","product","type-product","status-publish","has-post-thumbnail","hentry","product_cat-postais-fotos-imagens","product_tag-camara","product_tag-jardim","product_tag-praca-vasco-da-gama","product_tag-torres","product_tag-torres-colorido","product_tag-upu"],"_links":{"self":[{"href":"https:\/\/viladoconde.com\/en\/wp-json\/wp\/v2\/product\/6039","targetHints":{"allow":["GET"]}}],"collection":[{"href":"https:\/\/viladoconde.com\/en\/wp-json\/wp\/v2\/product"}],"about":[{"href":"https:\/\/viladoconde.com\/en\/wp-json\/wp\/v2\/types\/product"}],"wp:featuredmedia":[{"embeddable":true,"href":"https:\/\/viladoconde.com\/en\/wp-json\/wp\/v2\/media\/6004"}],"wp:attachment":[{"href":"https:\/\/viladoconde.com\/en\/wp-json\/wp\/v2\/media?parent=6039"}],"wp:term":[{"taxonomy":"product_cat","embeddable":true,"href":"https:\/\/viladoconde.com\/en\/wp-json\/wp\/v2\/product_cat?post=6039"},{"taxonomy":"product_tag","embeddable":true,"href":"https:\/\/viladoconde.com\/en\/wp-json\/wp\/v2\/product_tag?post=6039"}],"curies":[{"name":"wp","href":"https:\/\/api.w.org\/{rel}","templated":true}]}}