{"id":6064,"date":"2020-12-19T01:28:27","date_gmt":"2020-12-19T01:28:27","guid":{"rendered":"https:\/\/viladoconde.com\/?post_type=product&#038;p=6064"},"modified":"2024-08-08T13:56:01","modified_gmt":"2024-08-08T13:56:01","slug":"construcao-naval-em-madeira-arte-tecnica-e-patrimonio","status":"publish","type":"product","link":"https:\/\/viladoconde.com\/en\/produto\/construcao-naval-em-madeira-arte-tecnica-e-patrimonio\/","title":{"rendered":"Constru\u00e7\u00e3o Naval em Madeira &#8211; Arte, T\u00e9cnica e Patrim\u00f3nio"},"content":{"rendered":"","protected":false},"excerpt":{"rendered":"<p><strong>Autor<\/strong>: v\u00e1rios<br \/>\n<strong>Ano<\/strong>: 2018<br \/>\n<strong>Descri\u00e7\u00e3o<\/strong>: Atas do congresso internacional de 23 a 25 de Maio de 2016<\/p>\n","protected":false},"featured_media":6221,"template":"","meta":[],"product_cat":[148],"product_tag":[153],"class_list":["post-6064","product","type-product","status-publish","has-post-thumbnail","hentry","product_cat-livros-publicacoes","product_tag-barcos"],"_links":{"self":[{"href":"https:\/\/viladoconde.com\/en\/wp-json\/wp\/v2\/product\/6064","targetHints":{"allow":["GET"]}}],"collection":[{"href":"https:\/\/viladoconde.com\/en\/wp-json\/wp\/v2\/product"}],"about":[{"href":"https:\/\/viladoconde.com\/en\/wp-json\/wp\/v2\/types\/product"}],"wp:featuredmedia":[{"embeddable":true,"href":"https:\/\/viladoconde.com\/en\/wp-json\/wp\/v2\/media\/6221"}],"wp:attachment":[{"href":"https:\/\/viladoconde.com\/en\/wp-json\/wp\/v2\/media?parent=6064"}],"wp:term":[{"taxonomy":"product_cat","embeddable":true,"href":"https:\/\/viladoconde.com\/en\/wp-json\/wp\/v2\/product_cat?post=6064"},{"taxonomy":"product_tag","embeddable":true,"href":"https:\/\/viladoconde.com\/en\/wp-json\/wp\/v2\/product_tag?post=6064"}],"curies":[{"name":"wp","href":"https:\/\/api.w.org\/{rel}","templated":true}]}}