{"id":6077,"date":"2020-12-22T18:40:03","date_gmt":"2020-12-22T18:40:03","guid":{"rendered":"https:\/\/viladoconde.com\/?post_type=product&#038;p=6077"},"modified":"2021-02-16T18:53:39","modified_gmt":"2021-02-16T18:53:39","slug":"subsidios-para-uma-monografia-de-vila-do-conde-2","status":"publish","type":"product","link":"https:\/\/viladoconde.com\/en\/produto\/subsidios-para-uma-monografia-de-vila-do-conde-2\/","title":{"rendered":"Subs\u00eddios para uma Monografia de Vila do Conde"},"content":{"rendered":"","protected":false},"excerpt":{"rendered":"<p><strong>Autor<\/strong>: Bertino Daciano \/ Eug\u00e9nio da Cunha e Freitas<br \/>\n<strong>Ano<\/strong>: 1953<br \/>\n<strong>Descri\u00e7\u00e3o<\/strong>: compila\u00e7\u00e3o de v\u00e1rios artigos de dois dos maiores historiadores que investigaram <a href=\"https:\/\/viladoconde.com\/\" target=\"_blank\" rel=\"noopener noreferrer\">Vila do Conde<\/a><\/p>\n","protected":false},"featured_media":6078,"template":"","meta":[],"product_cat":[148],"product_tag":[],"class_list":["post-6077","product","type-product","status-publish","has-post-thumbnail","hentry","product_cat-livros-publicacoes"],"_links":{"self":[{"href":"https:\/\/viladoconde.com\/en\/wp-json\/wp\/v2\/product\/6077","targetHints":{"allow":["GET"]}}],"collection":[{"href":"https:\/\/viladoconde.com\/en\/wp-json\/wp\/v2\/product"}],"about":[{"href":"https:\/\/viladoconde.com\/en\/wp-json\/wp\/v2\/types\/product"}],"wp:featuredmedia":[{"embeddable":true,"href":"https:\/\/viladoconde.com\/en\/wp-json\/wp\/v2\/media\/6078"}],"wp:attachment":[{"href":"https:\/\/viladoconde.com\/en\/wp-json\/wp\/v2\/media?parent=6077"}],"wp:term":[{"taxonomy":"product_cat","embeddable":true,"href":"https:\/\/viladoconde.com\/en\/wp-json\/wp\/v2\/product_cat?post=6077"},{"taxonomy":"product_tag","embeddable":true,"href":"https:\/\/viladoconde.com\/en\/wp-json\/wp\/v2\/product_tag?post=6077"}],"curies":[{"name":"wp","href":"https:\/\/api.w.org\/{rel}","templated":true}]}}