{"id":6226,"date":"2021-03-28T20:53:30","date_gmt":"2021-03-28T20:53:30","guid":{"rendered":"https:\/\/viladoconde.com\/?post_type=product&#038;p=6226"},"modified":"2021-03-29T12:49:23","modified_gmt":"2021-03-29T12:49:23","slug":"a-proposito-da-creche-de-vila-do-conde","status":"publish","type":"product","link":"https:\/\/viladoconde.com\/en\/produto\/a-proposito-da-creche-de-vila-do-conde\/","title":{"rendered":"A Prop\u00f3sito da Creche de Vila do Conde"},"content":{"rendered":"","protected":false},"excerpt":{"rendered":"<p><strong>Autor<\/strong>: Joaquim Pacheco Neves<br \/>\n<strong>Ano<\/strong>: 1953<br \/>\n<strong>Descri\u00e7\u00e3o<\/strong>: parte de uma s\u00e9rie de publica\u00e7\u00f5es referentes \u00e0 constru\u00e7\u00e3o da creche de <a href=\"https:\/\/viladoconde.com\/\" target=\"_blank\" rel=\"noopener\">Vila do Conde<\/a><\/p>\n","protected":false},"featured_media":6188,"template":"","meta":[],"product_cat":[148],"product_tag":[292],"class_list":["post-6226","product","type-product","status-publish","has-post-thumbnail","hentry","product_cat-livros-publicacoes","product_tag-creche"],"_links":{"self":[{"href":"https:\/\/viladoconde.com\/en\/wp-json\/wp\/v2\/product\/6226","targetHints":{"allow":["GET"]}}],"collection":[{"href":"https:\/\/viladoconde.com\/en\/wp-json\/wp\/v2\/product"}],"about":[{"href":"https:\/\/viladoconde.com\/en\/wp-json\/wp\/v2\/types\/product"}],"wp:featuredmedia":[{"embeddable":true,"href":"https:\/\/viladoconde.com\/en\/wp-json\/wp\/v2\/media\/6188"}],"wp:attachment":[{"href":"https:\/\/viladoconde.com\/en\/wp-json\/wp\/v2\/media?parent=6226"}],"wp:term":[{"taxonomy":"product_cat","embeddable":true,"href":"https:\/\/viladoconde.com\/en\/wp-json\/wp\/v2\/product_cat?post=6226"},{"taxonomy":"product_tag","embeddable":true,"href":"https:\/\/viladoconde.com\/en\/wp-json\/wp\/v2\/product_tag?post=6226"}],"curies":[{"name":"wp","href":"https:\/\/api.w.org\/{rel}","templated":true}]}}