{"id":6271,"date":"2021-04-17T18:02:41","date_gmt":"2021-04-17T18:02:41","guid":{"rendered":"https:\/\/viladoconde.com\/?post_type=product&#038;p=6271"},"modified":"2023-04-03T17:57:08","modified_gmt":"2023-04-03T17:57:08","slug":"azurara-breve-noticia-historica-e-etnografica","status":"publish","type":"product","link":"https:\/\/viladoconde.com\/en\/produto\/azurara-breve-noticia-historica-e-etnografica\/","title":{"rendered":"Azurara \u2013 Breve Not\u00edcia Hist\u00f3rica e Etnogr\u00e1fica"},"content":{"rendered":"","protected":false},"excerpt":{"rendered":"<p><strong>Autor<\/strong>: Padre Serafim Gon\u00e7alves das Neves<br \/>\n<strong>Ano<\/strong>: 1968<br \/>\n<strong>Descri\u00e7\u00e3o<\/strong>:<\/p>\n","protected":false},"featured_media":6241,"template":"","meta":[],"product_cat":[148],"product_tag":[108],"class_list":["post-6271","product","type-product","status-publish","has-post-thumbnail","hentry","product_cat-livros-publicacoes","product_tag-azurara"],"_links":{"self":[{"href":"https:\/\/viladoconde.com\/en\/wp-json\/wp\/v2\/product\/6271","targetHints":{"allow":["GET"]}}],"collection":[{"href":"https:\/\/viladoconde.com\/en\/wp-json\/wp\/v2\/product"}],"about":[{"href":"https:\/\/viladoconde.com\/en\/wp-json\/wp\/v2\/types\/product"}],"wp:featuredmedia":[{"embeddable":true,"href":"https:\/\/viladoconde.com\/en\/wp-json\/wp\/v2\/media\/6241"}],"wp:attachment":[{"href":"https:\/\/viladoconde.com\/en\/wp-json\/wp\/v2\/media?parent=6271"}],"wp:term":[{"taxonomy":"product_cat","embeddable":true,"href":"https:\/\/viladoconde.com\/en\/wp-json\/wp\/v2\/product_cat?post=6271"},{"taxonomy":"product_tag","embeddable":true,"href":"https:\/\/viladoconde.com\/en\/wp-json\/wp\/v2\/product_tag?post=6271"}],"curies":[{"name":"wp","href":"https:\/\/api.w.org\/{rel}","templated":true}]}}