{"id":6416,"date":"2023-04-03T17:57:39","date_gmt":"2023-04-03T17:57:39","guid":{"rendered":"https:\/\/viladoconde.com\/?post_type=product&#038;p=6416"},"modified":"2023-04-05T14:06:09","modified_gmt":"2023-04-05T14:06:09","slug":"50-anos-passaram-a-correr-vol-i","status":"publish","type":"product","link":"https:\/\/viladoconde.com\/en\/produto\/50-anos-passaram-a-correr-vol-i\/","title":{"rendered":"50 Anos Passaram a Correr &#8211; Vol I"},"content":{"rendered":"","protected":false},"excerpt":{"rendered":"<p><strong>Autor<\/strong>: S\u00e9rgio Paiva<br \/>\n<strong>Ano<\/strong>: 2023<br \/>\n<strong>Descri\u00e7\u00e3o<\/strong>: Tetracampe\u00e3o nacional de ralis, duas delas no campeonato absoluto ao lado de Pedro Matos Chaves (1999 e 2000). Nascido em Lourosa mas &#8220;bileiro&#8221; por empr\u00e9stimo desde o in\u00edcio dos anos 80, j\u00e1 depois de vencer no <strong>Circuito de Vila do Conde<\/strong> em 1977.<\/p>\n","protected":false},"featured_media":6417,"template":"","meta":[],"product_cat":[148],"product_tag":[235,294],"class_list":["post-6416","product","type-product","status-publish","has-post-thumbnail","hentry","product_cat-livros-publicacoes","product_tag-circuito","product_tag-ralis"],"_links":{"self":[{"href":"https:\/\/viladoconde.com\/en\/wp-json\/wp\/v2\/product\/6416","targetHints":{"allow":["GET"]}}],"collection":[{"href":"https:\/\/viladoconde.com\/en\/wp-json\/wp\/v2\/product"}],"about":[{"href":"https:\/\/viladoconde.com\/en\/wp-json\/wp\/v2\/types\/product"}],"wp:featuredmedia":[{"embeddable":true,"href":"https:\/\/viladoconde.com\/en\/wp-json\/wp\/v2\/media\/6417"}],"wp:attachment":[{"href":"https:\/\/viladoconde.com\/en\/wp-json\/wp\/v2\/media?parent=6416"}],"wp:term":[{"taxonomy":"product_cat","embeddable":true,"href":"https:\/\/viladoconde.com\/en\/wp-json\/wp\/v2\/product_cat?post=6416"},{"taxonomy":"product_tag","embeddable":true,"href":"https:\/\/viladoconde.com\/en\/wp-json\/wp\/v2\/product_tag?post=6416"}],"curies":[{"name":"wp","href":"https:\/\/api.w.org\/{rel}","templated":true}]}}