{"id":2290,"date":"2019-04-26T18:08:35","date_gmt":"2019-04-26T18:08:35","guid":{"rendered":"http:\/\/viladoconde.com\/?page_id=2290"},"modified":"2019-07-01T09:23:30","modified_gmt":"2019-07-01T09:23:30","slug":"donde-comer","status":"publish","type":"page","link":"https:\/\/viladoconde.com\/es\/donde-comer\/","title":{"rendered":"Donde Comer"},"content":{"rendered":"<p><strong> Vila do Conde<\/strong> ofrece a los locales y visitantes varios tipos de gastronom\u00eda. Haciendo juz a su ubicaci\u00f3n entre r\u00edo y mar, el plato fuerte es el pescado, que se puede encontrar un poco por toda la ciudad. Vila do Conde tiene una amplia gama de <strong>restaurantes<\/strong> de comida <u>tradicional portuguesa<\/u>, pero no s\u00f3lo. Entre restaurantes de gastronom\u00eda internacional, como italiana y japonesa, <u>snack-bars<\/u> y <u>tapas<\/u>, mostramos a continuaci\u00f3n una lista de espacios de restauraci\u00f3n en el municipio de Vila do Conde.<\/p>\n<p><!--<a href=\"\/restaurante-exemplo\/\"><img loading=\"lazy\" decoding=\"async\" class=\"size-full wp-image-477 aligncenter\" src=\"\/wp-content\/uploads\/2018\/04\/Restaurante-Exemplo-Copy.jpg\" alt=\"\" width=\"612\" height=\"344\" srcset=\"https:\/\/viladoconde.com\/wp-content\/uploads\/2018\/04\/Restaurante-Exemplo-Copy.jpg 612w, https:\/\/viladoconde.com\/wp-content\/uploads\/2018\/04\/Restaurante-Exemplo-Copy-600x337.jpg 600w, https:\/\/viladoconde.com\/wp-content\/uploads\/2018\/04\/Restaurante-Exemplo-Copy-300x169.jpg 300w\" sizes=\"auto, (max-width: 612px) 100vw, 612px\" \/><\/a>--><div id=\"jig1\" class=\"justified-image-grid jig-73a1ebb5679eb9bdff9a8e93ff3e855c jig-preset-global\"><div class=\"jig-clearfix\"><\/div><noscript id=\"jig1-html\" class=\"justified-image-grid-html\" data-lazy-src=\"skiplazyload\" data-src=\"skipunveillazyload\"><ul><li><a href=\"http:\/\/viladoconde.com\/restaurante-praca-velha\/?lang=es\"><img loading=\"lazy\" decoding=\"async\" src=\"https:\/\/viladoconde.com\/wp-content\/plugins\/justified-image-grid\/timthumb.php?src=https%3A%2F%2Fviladoconde.com%2Fwp-content%2Fuploads%2F2019%2F04%2FRestaurante-Pra%C3%A7a-Velha-1-1024x694.jpg&amp;h=262&amp;q=90&amp;f=.jpg\" alt=\"Restaurante Pra\u00e7a Velha\" width=\"386\" height=\"262\" \/><\/a><p class=\"jig-HTMLdescription\">Restaurante Pra\u00e7a Velha<br\/><\/p><\/li><\/ul><\/noscript><\/div>\n","protected":false},"excerpt":{"rendered":"<p>Vila do Conde ofrece a los locales y visitantes varios tipos de gastronom\u00eda. Haciendo juz a su ubicaci\u00f3n entre r\u00edo y mar, el plato fuerte es el pescado, que se puede encontrar un poco por toda la ciudad. Vila do Conde tiene una amplia gama de restaurantes de comida tradicional portuguesa, pero no s\u00f3lo. Entre [&hellip;]<\/p>\n","protected":false},"author":1,"featured_media":0,"parent":0,"menu_order":0,"comment_status":"open","ping_status":"closed","template":"","meta":{"footnotes":""},"class_list":["post-2290","page","type-page","status-publish","hentry"],"_links":{"self":[{"href":"https:\/\/viladoconde.com\/es\/wp-json\/wp\/v2\/pages\/2290","targetHints":{"allow":["GET"]}}],"collection":[{"href":"https:\/\/viladoconde.com\/es\/wp-json\/wp\/v2\/pages"}],"about":[{"href":"https:\/\/viladoconde.com\/es\/wp-json\/wp\/v2\/types\/page"}],"author":[{"embeddable":true,"href":"https:\/\/viladoconde.com\/es\/wp-json\/wp\/v2\/users\/1"}],"replies":[{"embeddable":true,"href":"https:\/\/viladoconde.com\/es\/wp-json\/wp\/v2\/comments?post=2290"}],"version-history":[{"count":5,"href":"https:\/\/viladoconde.com\/es\/wp-json\/wp\/v2\/pages\/2290\/revisions"}],"predecessor-version":[{"id":3496,"href":"https:\/\/viladoconde.com\/es\/wp-json\/wp\/v2\/pages\/2290\/revisions\/3496"}],"wp:attachment":[{"href":"https:\/\/viladoconde.com\/es\/wp-json\/wp\/v2\/media?parent=2290"}],"curies":[{"name":"wp","href":"https:\/\/api.w.org\/{rel}","templated":true}]}}