{"id":2299,"date":"2019-04-26T19:12:16","date_gmt":"2019-04-26T19:12:16","guid":{"rendered":"http:\/\/viladoconde.com\/?page_id=2299"},"modified":"2020-09-23T01:15:41","modified_gmt":"2020-09-23T01:15:41","slug":"restaurantepracavelha","status":"publish","type":"page","link":"https:\/\/viladoconde.com\/es\/restaurantepracavelha\/","title":{"rendered":"Restaurante Pra\u00e7a Velha"},"content":{"rendered":"<div class=\"td-category-siblings\">\n<ul class=\"td-category\">\n<li class=\"entry-category\"><a style=\"background-color:;color:#fff;border-color:;\" class=\"\"  href=\"https:\/\/viladoconde.com\/es\/donde-comer\/\">Donde Comer<\/a><\/li>\n<\/ul>\n<div class=\"td-subcat-dropdown td-pulldown-filter-display-option\">\n<div class=\"td-subcat-more\"><i class=\"td-icon-menu-down\"><\/i><\/div>\n<ul class=\"td-pulldown-filter-list\"><\/ul>\n<\/div>\n<div class=\"clearfix\"><\/div>\n<\/div>\n<p><img loading=\"lazy\" decoding=\"async\" class=\"alignnone size-full wp-image-2158\" src=\"http:\/\/viladoconde.com\/wp-content\/uploads\/2019\/04\/Restaurante-Pra\u00e7a-Velha.jpg\" alt=\"\" width=\"1200\" height=\"813\" srcset=\"https:\/\/viladoconde.com\/wp-content\/uploads\/2019\/04\/Restaurante-Pra\u00e7a-Velha.jpg 1200w, https:\/\/viladoconde.com\/wp-content\/uploads\/2019\/04\/Restaurante-Pra\u00e7a-Velha-600x407.jpg 600w, https:\/\/viladoconde.com\/wp-content\/uploads\/2019\/04\/Restaurante-Pra\u00e7a-Velha-300x203.jpg 300w, https:\/\/viladoconde.com\/wp-content\/uploads\/2019\/04\/Restaurante-Pra\u00e7a-Velha-768x520.jpg 768w, https:\/\/viladoconde.com\/wp-content\/uploads\/2019\/04\/Restaurante-Pra\u00e7a-Velha-1024x694.jpg 1024w, https:\/\/viladoconde.com\/wp-content\/uploads\/2019\/04\/Restaurante-Pra\u00e7a-Velha-696x472.jpg 696w, https:\/\/viladoconde.com\/wp-content\/uploads\/2019\/04\/Restaurante-Pra\u00e7a-Velha-1068x724.jpg 1068w, https:\/\/viladoconde.com\/wp-content\/uploads\/2019\/04\/Restaurante-Pra\u00e7a-Velha-620x420.jpg 620w\" sizes=\"auto, (max-width: 1200px) 100vw, 1200px\" \/><\/p>\n<h3><strong>Galer\u00eda de Im\u00e1genes:<\/strong><\/h3>\n<p>Un restaurante acogedor y familiar.<br \/>\n<strong>Cocina tradicional portuguesa<\/strong>, servida con elegancia y calidad.<br \/>\nDe lunes a viernes con un <u>men\u00fa del d\u00eda<\/u>.<br \/>\nCena de martes a s\u00e1bados <em>\u00e0 la carte<\/em>.<\/p>\n<div id=\"jig1\" class=\"justified-image-grid jig-f76991eb0bebc278763bd7d648337162 jig-preset-global\"><div class=\"jig-clearfix\"><\/div><noscript id=\"jig1-html\" class=\"justified-image-grid-html\" data-lazy-src=\"skiplazyload\" data-src=\"skipunveillazyload\"><ul><li><a href=\"https:\/\/viladoconde.com\/wp-content\/uploads\/2019\/04\/1-4-615x1024.jpg\"><img loading=\"lazy\" decoding=\"async\" src=\"https:\/\/viladoconde.com\/wp-content\/plugins\/justified-image-grid\/timthumb.php?src=https%3A%2F%2Fviladoconde.com%2Fwp-content%2Fuploads%2F2019%2F04%2F1-4-615x1024.jpg&amp;h=230&amp;q=90&amp;f=.jpg\" alt=\"Restaurante Pra\u00e7a Velha\" width=\"138\" height=\"230\" \/><\/a><p class=\"jig-HTMLdescription\">Restaurante Pra\u00e7a Velha<br\/><\/p><\/li><li><a href=\"https:\/\/viladoconde.com\/wp-content\/uploads\/2019\/04\/2-3-615x1024.jpg\"><img loading=\"lazy\" decoding=\"async\" src=\"https:\/\/viladoconde.com\/wp-content\/plugins\/justified-image-grid\/timthumb.php?src=https%3A%2F%2Fviladoconde.com%2Fwp-content%2Fuploads%2F2019%2F04%2F2-3-615x1024.jpg&amp;h=230&amp;q=90&amp;f=.jpg\" alt=\"Restaurante Pra\u00e7a Velha\" width=\"138\" height=\"230\" \/><\/a><p class=\"jig-HTMLdescription\">Restaurante Pra\u00e7a Velha<br\/><\/p><\/li><li><a href=\"https:\/\/viladoconde.com\/wp-content\/uploads\/2019\/04\/3-3-615x1024.jpg\"><img loading=\"lazy\" decoding=\"async\" src=\"https:\/\/viladoconde.com\/wp-content\/plugins\/justified-image-grid\/timthumb.php?src=https%3A%2F%2Fviladoconde.com%2Fwp-content%2Fuploads%2F2019%2F04%2F3-3-615x1024.jpg&amp;h=230&amp;q=90&amp;f=.jpg\" alt=\"Restaurante Pra\u00e7a Velha\" width=\"138\" height=\"230\" \/><\/a><p class=\"jig-HTMLdescription\">Restaurante Pra\u00e7a Velha<br\/><\/p><\/li><li><a href=\"https:\/\/viladoconde.com\/wp-content\/uploads\/2019\/04\/4-3-819x1024.jpg\"><img loading=\"lazy\" decoding=\"async\" src=\"https:\/\/viladoconde.com\/wp-content\/plugins\/justified-image-grid\/timthumb.php?src=https%3A%2F%2Fviladoconde.com%2Fwp-content%2Fuploads%2F2019%2F04%2F4-3-819x1024.jpg&amp;h=230&amp;q=90&amp;f=.jpg\" alt=\"Restaurante Pra\u00e7a Velha\" width=\"183\" height=\"230\" \/><\/a><p class=\"jig-HTMLdescription\">Restaurante Pra\u00e7a Velha<br\/><\/p><\/li><li><a href=\"https:\/\/viladoconde.com\/wp-content\/uploads\/2019\/04\/5-3.jpg\"><img loading=\"lazy\" decoding=\"async\" src=\"https:\/\/viladoconde.com\/wp-content\/plugins\/justified-image-grid\/timthumb.php?src=https%3A%2F%2Fviladoconde.com%2Fwp-content%2Fuploads%2F2019%2F04%2F5-3.jpg&amp;h=230&amp;q=90&amp;f=.jpg\" alt=\"Restaurante Pra\u00e7a Velha\" width=\"153\" height=\"230\" \/><\/a><p class=\"jig-HTMLdescription\">Restaurante Pra\u00e7a Velha<br\/><\/p><\/li><li><a href=\"https:\/\/viladoconde.com\/wp-content\/uploads\/2019\/04\/6-2-615x1024.jpg\"><img loading=\"lazy\" decoding=\"async\" src=\"https:\/\/viladoconde.com\/wp-content\/plugins\/justified-image-grid\/timthumb.php?src=https%3A%2F%2Fviladoconde.com%2Fwp-content%2Fuploads%2F2019%2F04%2F6-2-615x1024.jpg&amp;h=230&amp;q=90&amp;f=.jpg\" alt=\"Restaurante Pra\u00e7a Velha\" width=\"138\" height=\"230\" \/><\/a><p class=\"jig-HTMLdescription\">Restaurante Pra\u00e7a Velha<br\/><\/p><\/li><li><a href=\"https:\/\/viladoconde.com\/wp-content\/uploads\/2019\/04\/7-2-1024x1024.jpg\"><img loading=\"lazy\" decoding=\"async\" src=\"https:\/\/viladoconde.com\/wp-content\/plugins\/justified-image-grid\/timthumb.php?src=https%3A%2F%2Fviladoconde.com%2Fwp-content%2Fuploads%2F2019%2F04%2F7-2-1024x1024.jpg&amp;h=230&amp;q=90&amp;f=.jpg\" alt=\"Restaurante Pra\u00e7a Velha\" width=\"230\" height=\"230\" \/><\/a><p class=\"jig-HTMLdescription\">Restaurante Pra\u00e7a Velha<br\/><\/p><\/li><li><a href=\"https:\/\/viladoconde.com\/wp-content\/uploads\/2019\/04\/8-2-1024x683.jpg\"><img loading=\"lazy\" decoding=\"async\" src=\"https:\/\/viladoconde.com\/wp-content\/plugins\/justified-image-grid\/timthumb.php?src=https%3A%2F%2Fviladoconde.com%2Fwp-content%2Fuploads%2F2019%2F04%2F8-2-1024x683.jpg&amp;h=230&amp;q=90&amp;f=.jpg\" alt=\"Restaurante Pra\u00e7a Velha\" width=\"344\" height=\"230\" \/><\/a><p class=\"jig-HTMLdescription\">Restaurante Pra\u00e7a Velha<br\/><\/p><\/li><li><a href=\"https:\/\/viladoconde.com\/wp-content\/uploads\/2019\/04\/9-2.jpg\"><img loading=\"lazy\" decoding=\"async\" src=\"https:\/\/viladoconde.com\/wp-content\/plugins\/justified-image-grid\/timthumb.php?src=https%3A%2F%2Fviladoconde.com%2Fwp-content%2Fuploads%2F2019%2F04%2F9-2.jpg&amp;h=230&amp;q=90&amp;f=.jpg\" alt=\"Restaurante Pra\u00e7a Velha\" width=\"172\" height=\"230\" \/><\/a><p class=\"jig-HTMLdescription\">Restaurante Pra\u00e7a Velha<br\/><\/p><\/li><li><a href=\"https:\/\/viladoconde.com\/wp-content\/uploads\/2019\/04\/10-3-768x1024.jpg\"><img loading=\"lazy\" decoding=\"async\" src=\"https:\/\/viladoconde.com\/wp-content\/plugins\/justified-image-grid\/timthumb.php?src=https%3A%2F%2Fviladoconde.com%2Fwp-content%2Fuploads%2F2019%2F04%2F10-3-768x1024.jpg&amp;h=230&amp;q=90&amp;f=.jpg\" alt=\"Restaurante Pra\u00e7a Velha\" width=\"172\" height=\"230\" \/><\/a><p class=\"jig-HTMLdescription\">Restaurante Pra\u00e7a Velha<br\/><\/p><\/li><li><a href=\"https:\/\/viladoconde.com\/wp-content\/uploads\/2019\/04\/11-1-1024x512.jpg\"><img loading=\"lazy\" decoding=\"async\" src=\"https:\/\/viladoconde.com\/wp-content\/plugins\/justified-image-grid\/timthumb.php?src=https%3A%2F%2Fviladoconde.com%2Fwp-content%2Fuploads%2F2019%2F04%2F11-1-1024x512.jpg&amp;h=230&amp;q=90&amp;f=.jpg\" alt=\"Restaurante Pra\u00e7a Velha\" width=\"460\" height=\"230\" \/><\/a><p class=\"jig-HTMLdescription\">Restaurante Pra\u00e7a Velha<br\/><\/p><\/li><li><a href=\"https:\/\/viladoconde.com\/wp-content\/uploads\/2019\/04\/12-1.jpg\"><img loading=\"lazy\" decoding=\"async\" src=\"https:\/\/viladoconde.com\/wp-content\/plugins\/justified-image-grid\/timthumb.php?src=https%3A%2F%2Fviladoconde.com%2Fwp-content%2Fuploads%2F2019%2F04%2F12-1.jpg&amp;h=230&amp;q=90&amp;f=.jpg\" alt=\"Restaurante Pra\u00e7a Velha\" width=\"172\" height=\"230\" \/><\/a><p class=\"jig-HTMLdescription\">Restaurante Pra\u00e7a Velha<br\/><\/p><\/li><li><a href=\"https:\/\/viladoconde.com\/wp-content\/uploads\/2019\/04\/13-1024x576.jpg\"><img loading=\"lazy\" decoding=\"async\" src=\"https:\/\/viladoconde.com\/wp-content\/plugins\/justified-image-grid\/timthumb.php?src=https%3A%2F%2Fviladoconde.com%2Fwp-content%2Fuploads%2F2019%2F04%2F13-1024x576.jpg&amp;h=230&amp;q=90&amp;f=.jpg\" alt=\"Restaurante Pra\u00e7a Velha\" width=\"408\" height=\"230\" \/><\/a><p class=\"jig-HTMLdescription\">Restaurante Pra\u00e7a Velha<br\/><\/p><\/li><li><a href=\"https:\/\/viladoconde.com\/wp-content\/uploads\/2019\/04\/14-578x1024.jpg\"><img loading=\"lazy\" decoding=\"async\" src=\"https:\/\/viladoconde.com\/wp-content\/plugins\/justified-image-grid\/timthumb.php?src=https%3A%2F%2Fviladoconde.com%2Fwp-content%2Fuploads%2F2019%2F04%2F14-578x1024.jpg&amp;h=230&amp;q=90&amp;f=.jpg\" alt=\"Restaurante Pra\u00e7a Velha\" width=\"129\" height=\"230\" \/><\/a><p class=\"jig-HTMLdescription\">Restaurante Pra\u00e7a Velha<br\/><\/p><\/li><li><a href=\"https:\/\/viladoconde.com\/wp-content\/uploads\/2019\/04\/15.jpg\" title=\"15\"><img loading=\"lazy\" decoding=\"async\" src=\"https:\/\/viladoconde.com\/wp-content\/plugins\/justified-image-grid\/timthumb.php?src=https%3A%2F%2Fviladoconde.com%2Fwp-content%2Fuploads%2F2019%2F04%2F15.jpg&amp;h=230&amp;q=90&amp;f=.jpg\" alt=\"Restaurante Pra\u00e7a Velha\" width=\"230\" height=\"230\" \/><\/a><p class=\"jig-HTMLdescription\">Restaurante Pra\u00e7a Velha<br\/>15<\/p><\/li><\/ul><\/noscript><\/div>\n<h3><strong>Contactos:<\/strong><\/h3>\n<p><b>Ubicaci\u00f3n<\/b>: Largo Antero de Quental, n\u00ba 33, 4480-701 Vila do Conde<br \/>\n<b>Tel\u00e9fono<\/b>: <a href=\"tel:+351252612121\">+351 252 612 121<\/a><br \/>\n<b>Facebook<\/b>: <a href=\"https:\/\/www.facebook.com\/pravavelharest\/\" target=\"_blank\" rel=\"noopener noreferrer\">https:\/\/www.facebook.com\/pravavelharest\/<\/a><br \/>\n<b>Horario<\/b>: Lunes y Domingos: 12h00-15h00 \/ Martes a Sabados: 12h00-15h00 y 19h00-23h00<\/p>\n<div id=\"TA_selfserveprop187\" class=\"TA_selfserveprop\">\n<ul id=\"4bATDW\" class=\"TA_links ibo7oKaHX\">\n<li id=\"R600WdQYUynl\" class=\"W2YjRh7i\"><a target=\"_blank\" href=\"https:\/\/www.tripadvisor.es\/\" rel=\"noopener noreferrer\"><img decoding=\"async\" src=\"https:\/\/www.tripadvisor.es\/img\/cdsi\/img2\/branding\/150_logo-11900-2.png\" alt=\"TripAdvisor\"\/><\/a><\/li>\n<\/ul>\n<\/div>\n<p><script async src=\"https:\/\/www.jscache.com\/wejs?wtype=selfserveprop&amp;uniq=187&amp;locationId=3453980&amp;lang=es&amp;rating=true&amp;nreviews=0&amp;writereviewlink=true&amp;popIdx=false&amp;iswide=true&amp;border=false&amp;display_version=2\" data-loadtrk onload=\"this.loadtrk=true\"><\/script><\/p>\n<div class=\"wpforms-container wpforms-container-full formtitle\" id=\"wpforms-2309\"><form id=\"wpforms-form-2309\" class=\"wpforms-validate wpforms-form\" data-formid=\"2309\" method=\"post\" enctype=\"multipart\/form-data\" action=\"\/es\/wp-json\/wp\/v2\/pages\/2299\" data-token=\"7682938a38a4f50198036397d728ff64\"><div class=\"wpforms-head-container\"><div class=\"wpforms-title\">Enviar mensaje a Restaurante Pra\u00e7a Velha<\/div><\/div><noscript class=\"wpforms-error-noscript\">Por favor, activa JavaScript en tu navegador para completar este formulario.<\/noscript><div class=\"wpforms-field-container\"><div id=\"wpforms-2309-field_0-container\" class=\"wpforms-field wpforms-field-name\" data-field-id=\"0\"><label class=\"wpforms-field-label\" for=\"wpforms-2309-field_0\">Nombre <span class=\"wpforms-required-label\">*<\/span><\/label><input type=\"text\" id=\"wpforms-2309-field_0\" class=\"wpforms-field-medium wpforms-field-required\" name=\"wpforms[fields][0]\" required><div class=\"wpforms-field-description\">Su nombre<\/div><\/div><div id=\"wpforms-2309-field_1-container\" class=\"wpforms-field wpforms-field-email\" data-field-id=\"1\"><label class=\"wpforms-field-label\" for=\"wpforms-2309-field_1\">E-mail <span class=\"wpforms-required-label\">*<\/span><\/label><input type=\"email\" id=\"wpforms-2309-field_1\" class=\"wpforms-field-medium wpforms-field-required\" name=\"wpforms[fields][1]\" spellcheck=\"false\" required><div class=\"wpforms-field-description\">Su direcci\u00f3n de e-mail<\/div><\/div><div id=\"wpforms-2309-field_2-container\" class=\"wpforms-field wpforms-field-textarea\" data-field-id=\"2\"><label class=\"wpforms-field-label\" for=\"wpforms-2309-field_2\">Mensaje <span class=\"wpforms-required-label\">*<\/span><\/label><textarea id=\"wpforms-2309-field_2\" class=\"wpforms-field-medium wpforms-field-required\" name=\"wpforms[fields][2]\" required><\/textarea><\/div><\/div><!-- .wpforms-field-container --><div class=\"wpforms-field wpforms-field-hp\"><label for=\"wpforms-2309-field-hp\" class=\"wpforms-field-label\">Comment<\/label><input type=\"text\" name=\"wpforms[hp]\" id=\"wpforms-2309-field-hp\" class=\"wpforms-field-medium\"><\/div><div class=\"wpforms-submit-container\" ><input type=\"hidden\" name=\"wpforms[id]\" value=\"2309\"><input type=\"hidden\" name=\"wpforms[author]\" value=\"1\"><button type=\"submit\" name=\"wpforms[submit]\" id=\"wpforms-submit-2309\" class=\"wpforms-submit\" data-alt-text=\"Enviando...\" data-submit-text=\"Enviar\" aria-live=\"assertive\" value=\"wpforms-submit\">Enviar<\/button><\/div><\/form><\/div>  <!-- .wpforms-container -->\n<p><iframe loading=\"lazy\" style=\"border: 0;\" src=\"https:\/\/www.google.com\/maps\/embed?pb=!1m14!1m8!1m3!1d270.7899394875005!2d-8.743117202585982!3d41.356389628316585!3m2!1i1024!2i768!4f13.1!3m3!1m2!1s0x0%3A0x3cf77f6fc2012360!2sRestaurante+Pra%C3%A7a+Velha!5e0!3m2!1spt-PT!2spt!4v1555439491678!5m2!1spt-PT!2spt\" width=\"100%\" height=\"300\" frameborder=\"0\" allowfullscreen=\"allowfullscreen\"><\/iframe><\/p>\n","protected":false},"excerpt":{"rendered":"<p>Donde Comer Galer\u00eda de Im\u00e1genes: Un restaurante acogedor y familiar. Cocina tradicional portuguesa, servida con elegancia y calidad. De lunes a viernes con un men\u00fa del d\u00eda. Cena de martes a s\u00e1bados \u00e0 la carte. Contactos: Ubicaci\u00f3n: Largo Antero de Quental, n\u00ba 33, 4480-701 Vila do Conde Tel\u00e9fono: +351 252 612 121 Facebook: https:\/\/www.facebook.com\/pravavelharest\/ Horario: [&hellip;]<\/p>\n","protected":false},"author":1,"featured_media":0,"parent":0,"menu_order":0,"comment_status":"open","ping_status":"closed","template":"","meta":{"footnotes":""},"class_list":["post-2299","page","type-page","status-publish","hentry"],"_links":{"self":[{"href":"https:\/\/viladoconde.com\/es\/wp-json\/wp\/v2\/pages\/2299","targetHints":{"allow":["GET"]}}],"collection":[{"href":"https:\/\/viladoconde.com\/es\/wp-json\/wp\/v2\/pages"}],"about":[{"href":"https:\/\/viladoconde.com\/es\/wp-json\/wp\/v2\/types\/page"}],"author":[{"embeddable":true,"href":"https:\/\/viladoconde.com\/es\/wp-json\/wp\/v2\/users\/1"}],"replies":[{"embeddable":true,"href":"https:\/\/viladoconde.com\/es\/wp-json\/wp\/v2\/comments?post=2299"}],"version-history":[{"count":8,"href":"https:\/\/viladoconde.com\/es\/wp-json\/wp\/v2\/pages\/2299\/revisions"}],"predecessor-version":[{"id":5668,"href":"https:\/\/viladoconde.com\/es\/wp-json\/wp\/v2\/pages\/2299\/revisions\/5668"}],"wp:attachment":[{"href":"https:\/\/viladoconde.com\/es\/wp-json\/wp\/v2\/media?parent=2299"}],"curies":[{"name":"wp","href":"https:\/\/api.w.org\/{rel}","templated":true}]}}