{"id":3562,"date":"2019-07-03T00:17:33","date_gmt":"2019-07-03T00:17:33","guid":{"rendered":"https:\/\/viladoconde.com\/?page_id=3562"},"modified":"2019-07-03T00:17:33","modified_gmt":"2019-07-03T00:17:33","slug":"contactos","status":"publish","type":"page","link":"https:\/\/viladoconde.com\/es\/contactos\/","title":{"rendered":"Contactos"},"content":{"rendered":"<h3>Chat en vivo:<\/h3>\n<p>La forma m\u00e1s f\u00e1cil y eficiente de contactarnos es a trav\u00e9s del <strong><em>chat en vivo<\/em><\/strong> ubicado en la parte inferior del sitio web, presionando el bot\u00f3n \u00abPrecisa de ajuda?\u00bb. Si no hay ning\u00fan operador disponible para hablar con usted en vivo, se le entregar\u00e1 un formulario que deber\u00e1 enviarnos. Le responderemos por correo electr\u00f3nico a la direcci\u00f3n que ingrese en el formulario.<\/p>\n","protected":false},"excerpt":{"rendered":"<p>Chat en vivo: La forma m\u00e1s f\u00e1cil y eficiente de contactarnos es a trav\u00e9s del chat en vivo ubicado en la parte inferior del sitio web, presionando el bot\u00f3n \u00abPrecisa de ajuda?\u00bb. Si no hay ning\u00fan operador disponible para hablar con usted en vivo, se le entregar\u00e1 un formulario que deber\u00e1 enviarnos. Le responderemos por [&hellip;]<\/p>\n","protected":false},"author":1,"featured_media":0,"parent":0,"menu_order":0,"comment_status":"closed","ping_status":"closed","template":"","meta":{"footnotes":""},"class_list":["post-3562","page","type-page","status-publish","hentry"],"_links":{"self":[{"href":"https:\/\/viladoconde.com\/es\/wp-json\/wp\/v2\/pages\/3562","targetHints":{"allow":["GET"]}}],"collection":[{"href":"https:\/\/viladoconde.com\/es\/wp-json\/wp\/v2\/pages"}],"about":[{"href":"https:\/\/viladoconde.com\/es\/wp-json\/wp\/v2\/types\/page"}],"author":[{"embeddable":true,"href":"https:\/\/viladoconde.com\/es\/wp-json\/wp\/v2\/users\/1"}],"replies":[{"embeddable":true,"href":"https:\/\/viladoconde.com\/es\/wp-json\/wp\/v2\/comments?post=3562"}],"version-history":[{"count":1,"href":"https:\/\/viladoconde.com\/es\/wp-json\/wp\/v2\/pages\/3562\/revisions"}],"predecessor-version":[{"id":3563,"href":"https:\/\/viladoconde.com\/es\/wp-json\/wp\/v2\/pages\/3562\/revisions\/3563"}],"wp:attachment":[{"href":"https:\/\/viladoconde.com\/es\/wp-json\/wp\/v2\/media?parent=3562"}],"curies":[{"name":"wp","href":"https:\/\/api.w.org\/{rel}","templated":true}]}}