{"id":1380,"date":"2019-03-25T03:14:20","date_gmt":"2019-03-25T03:14:20","guid":{"rendered":"https:\/\/viladoconde.com\/?post_type=product&#038;p=1380"},"modified":"2019-07-15T12:15:58","modified_gmt":"2019-07-15T12:15:58","slug":"casa-quinhentista-postal","status":"publish","type":"product","link":"https:\/\/viladoconde.com\/es\/produto\/casa-quinhentista-postal\/","title":{"rendered":"Casa Quinhentista &#8211; postal"},"content":{"rendered":"","protected":false},"excerpt":{"rendered":"<p><strong>Edi\u00e7\u00e3o\/Colec\u00e7\u00e3o<\/strong>: Edi\u00e7\u00e3o dos Servi\u00e7os de Turismo da C\u00e2mara Municipal de Vila do Conde<br \/>\n<strong>Descri\u00e7\u00e3o<\/strong>: Casa Quinhentista na Rua da Igreja<\/p>\n","protected":false},"featured_media":712,"template":"","meta":[],"product_cat":[73],"product_tag":[82],"class_list":["post-1380","product","type-product","status-publish","has-post-thumbnail","hentry","product_cat-postais-fotos-imagens","product_tag-casa"],"_links":{"self":[{"href":"https:\/\/viladoconde.com\/es\/wp-json\/wp\/v2\/product\/1380","targetHints":{"allow":["GET"]}}],"collection":[{"href":"https:\/\/viladoconde.com\/es\/wp-json\/wp\/v2\/product"}],"about":[{"href":"https:\/\/viladoconde.com\/es\/wp-json\/wp\/v2\/types\/product"}],"wp:featuredmedia":[{"embeddable":true,"href":"https:\/\/viladoconde.com\/es\/wp-json\/wp\/v2\/media\/712"}],"wp:attachment":[{"href":"https:\/\/viladoconde.com\/es\/wp-json\/wp\/v2\/media?parent=1380"}],"wp:term":[{"taxonomy":"product_cat","embeddable":true,"href":"https:\/\/viladoconde.com\/es\/wp-json\/wp\/v2\/product_cat?post=1380"},{"taxonomy":"product_tag","embeddable":true,"href":"https:\/\/viladoconde.com\/es\/wp-json\/wp\/v2\/product_tag?post=1380"}],"curies":[{"name":"wp","href":"https:\/\/api.w.org\/{rel}","templated":true}]}}