{"id":1388,"date":"2019-03-25T04:18:35","date_gmt":"2019-03-25T04:18:35","guid":{"rendered":"https:\/\/viladoconde.com\/?post_type=product&#038;p=1388"},"modified":"2019-07-15T12:15:57","modified_gmt":"2019-07-15T12:15:57","slug":"praca-de-sao-joao-postal-aguarela","status":"publish","type":"product","link":"https:\/\/viladoconde.com\/es\/produto\/praca-de-sao-joao-postal-aguarela\/","title":{"rendered":"Pra\u00e7a de S\u00e3o Jo\u00e3o &#8211; postal \/ aguarela"},"content":{"rendered":"","protected":false},"excerpt":{"rendered":"<p><strong>Edi\u00e7\u00e3o\/Colec\u00e7\u00e3o<\/strong>: V\u00edtor Carneiro \/ Aguarelas de Vila do Conde<br \/>\n<strong>Descri\u00e7\u00e3o<\/strong>: postal com uma aguarela da Pra\u00e7a de S\u00e3o Jo\u00e3o, com os seus azulejos e Igreja Matriz em segundo plano<\/p>\n","protected":false},"featured_media":728,"template":"","meta":[],"product_cat":[73],"product_tag":[79,185,102],"class_list":["post-1388","product","type-product","status-publish","has-post-thumbnail","hentry","product_cat-postais-fotos-imagens","product_tag-matriz","product_tag-praca-sao-joao","product_tag-rio-mau"],"_links":{"self":[{"href":"https:\/\/viladoconde.com\/es\/wp-json\/wp\/v2\/product\/1388","targetHints":{"allow":["GET"]}}],"collection":[{"href":"https:\/\/viladoconde.com\/es\/wp-json\/wp\/v2\/product"}],"about":[{"href":"https:\/\/viladoconde.com\/es\/wp-json\/wp\/v2\/types\/product"}],"wp:featuredmedia":[{"embeddable":true,"href":"https:\/\/viladoconde.com\/es\/wp-json\/wp\/v2\/media\/728"}],"wp:attachment":[{"href":"https:\/\/viladoconde.com\/es\/wp-json\/wp\/v2\/media?parent=1388"}],"wp:term":[{"taxonomy":"product_cat","embeddable":true,"href":"https:\/\/viladoconde.com\/es\/wp-json\/wp\/v2\/product_cat?post=1388"},{"taxonomy":"product_tag","embeddable":true,"href":"https:\/\/viladoconde.com\/es\/wp-json\/wp\/v2\/product_tag?post=1388"}],"curies":[{"name":"wp","href":"https:\/\/api.w.org\/{rel}","templated":true}]}}