{"id":1392,"date":"2019-03-25T04:45:25","date_gmt":"2019-03-25T04:45:25","guid":{"rendered":"https:\/\/viladoconde.com\/?post_type=product&#038;p=1392"},"modified":"2020-12-09T12:02:30","modified_gmt":"2020-12-09T12:02:30","slug":"centro-da-cidade-e-capela-de-nossa-senhora-da-agonia-postal","status":"publish","type":"product","link":"https:\/\/viladoconde.com\/es\/produto\/centro-da-cidade-e-capela-de-nossa-senhora-da-agonia-postal\/","title":{"rendered":"Centro da cidade e capela de Nossa Senhora da Agonia &#8211; postal"},"content":{"rendered":"","protected":false},"excerpt":{"rendered":"<p><strong>Edi\u00e7\u00e3o\/Colec\u00e7\u00e3o<\/strong>: \u00c2ncora &#8211; edi\u00e7\u00f5es art\u00edsticas de artigos para felicita\u00e7\u00f5es \/ Impricor<br \/>\n<strong>Descri\u00e7\u00e3o<\/strong>: postal da Pra\u00e7a Vasco da Gama e Capela de Nossa Senhora da Agonia<\/p>\n","protected":false},"featured_media":4153,"template":"","meta":[],"product_cat":[73],"product_tag":[107,93,264],"class_list":["post-1392","product","type-product","status-publish","has-post-thumbnail","hentry","product_cat-postais-fotos-imagens","product_tag-agonia","product_tag-camara","product_tag-praca-vasco-da-gama"],"_links":{"self":[{"href":"https:\/\/viladoconde.com\/es\/wp-json\/wp\/v2\/product\/1392","targetHints":{"allow":["GET"]}}],"collection":[{"href":"https:\/\/viladoconde.com\/es\/wp-json\/wp\/v2\/product"}],"about":[{"href":"https:\/\/viladoconde.com\/es\/wp-json\/wp\/v2\/types\/product"}],"wp:featuredmedia":[{"embeddable":true,"href":"https:\/\/viladoconde.com\/es\/wp-json\/wp\/v2\/media\/4153"}],"wp:attachment":[{"href":"https:\/\/viladoconde.com\/es\/wp-json\/wp\/v2\/media?parent=1392"}],"wp:term":[{"taxonomy":"product_cat","embeddable":true,"href":"https:\/\/viladoconde.com\/es\/wp-json\/wp\/v2\/product_cat?post=1392"},{"taxonomy":"product_tag","embeddable":true,"href":"https:\/\/viladoconde.com\/es\/wp-json\/wp\/v2\/product_tag?post=1392"}],"curies":[{"name":"wp","href":"https:\/\/api.w.org\/{rel}","templated":true}]}}