{"id":1400,"date":"2019-03-25T05:34:25","date_gmt":"2019-03-25T05:34:25","guid":{"rendered":"https:\/\/viladoconde.com\/?post_type=product&#038;p=1400"},"modified":"2019-07-15T12:15:37","modified_gmt":"2019-07-15T12:15:37","slug":"pormenor-de-caxinas-avistando-se-a-cidade-de-vila-do-conde-postal","status":"publish","type":"product","link":"https:\/\/viladoconde.com\/es\/produto\/pormenor-de-caxinas-avistando-se-a-cidade-de-vila-do-conde-postal\/","title":{"rendered":"Pormenor de Caxinas, avistando-se a cidade de Vila do Conde &#8211; postal"},"content":{"rendered":"","protected":false},"excerpt":{"rendered":"<p><strong>Edi\u00e7\u00e3o\/Colec\u00e7\u00e3o<\/strong>: \u00c2ncora &#8211; edi\u00e7\u00f5es art\u00edsticas de artigos para felicita\u00e7\u00f5es \/ Impricor<br \/>\n<strong>Descri\u00e7\u00e3o<\/strong>: postal da praia das Caxinas, com o seu cruzeiro no mar, e com a praia de Vila do Conde em segundo plano<\/p>\n","protected":false},"featured_media":750,"template":"","meta":[],"product_cat":[73],"product_tag":[110,95,100],"class_list":["post-1400","product","type-product","status-publish","has-post-thumbnail","hentry","product_cat-postais-fotos-imagens","product_tag-caxinas","product_tag-cruzeiro","product_tag-praia"],"_links":{"self":[{"href":"https:\/\/viladoconde.com\/es\/wp-json\/wp\/v2\/product\/1400","targetHints":{"allow":["GET"]}}],"collection":[{"href":"https:\/\/viladoconde.com\/es\/wp-json\/wp\/v2\/product"}],"about":[{"href":"https:\/\/viladoconde.com\/es\/wp-json\/wp\/v2\/types\/product"}],"wp:featuredmedia":[{"embeddable":true,"href":"https:\/\/viladoconde.com\/es\/wp-json\/wp\/v2\/media\/750"}],"wp:attachment":[{"href":"https:\/\/viladoconde.com\/es\/wp-json\/wp\/v2\/media?parent=1400"}],"wp:term":[{"taxonomy":"product_cat","embeddable":true,"href":"https:\/\/viladoconde.com\/es\/wp-json\/wp\/v2\/product_cat?post=1400"},{"taxonomy":"product_tag","embeddable":true,"href":"https:\/\/viladoconde.com\/es\/wp-json\/wp\/v2\/product_tag?post=1400"}],"curies":[{"name":"wp","href":"https:\/\/api.w.org\/{rel}","templated":true}]}}