{"id":1405,"date":"2019-03-25T06:02:44","date_gmt":"2019-03-25T06:02:44","guid":{"rendered":"https:\/\/viladoconde.com\/?post_type=product&#038;p=1405"},"modified":"2019-07-15T12:15:37","modified_gmt":"2019-07-15T12:15:37","slug":"jardim-da-praca-da-republica-e-panoramica-do-rio-ave-postal","status":"publish","type":"product","link":"https:\/\/viladoconde.com\/es\/produto\/jardim-da-praca-da-republica-e-panoramica-do-rio-ave-postal\/","title":{"rendered":"Jardim da Pra\u00e7a da Rep\u00fablica e panor\u00e2mica do Rio Ave &#8211; postal"},"content":{"rendered":"","protected":false},"excerpt":{"rendered":"<p><strong>Edi\u00e7\u00e3o\/Colec\u00e7\u00e3o<\/strong>: Comiss\u00e3o Municipal de Turismo<br \/>\n<strong>Descri\u00e7\u00e3o<\/strong>: postal do Jardim da Pra\u00e7a da Rep\u00fablica e panor\u00e2mica em redor do Rio Ave<\/p>\n","protected":false},"featured_media":766,"template":"","meta":[],"product_cat":[73],"product_tag":[75,106,76],"class_list":["post-1405","product","type-product","status-publish","has-post-thumbnail","hentry","product_cat-postais-fotos-imagens","product_tag-rio","product_tag-socorro","product_tag-terreiro"],"_links":{"self":[{"href":"https:\/\/viladoconde.com\/es\/wp-json\/wp\/v2\/product\/1405","targetHints":{"allow":["GET"]}}],"collection":[{"href":"https:\/\/viladoconde.com\/es\/wp-json\/wp\/v2\/product"}],"about":[{"href":"https:\/\/viladoconde.com\/es\/wp-json\/wp\/v2\/types\/product"}],"wp:featuredmedia":[{"embeddable":true,"href":"https:\/\/viladoconde.com\/es\/wp-json\/wp\/v2\/media\/766"}],"wp:attachment":[{"href":"https:\/\/viladoconde.com\/es\/wp-json\/wp\/v2\/media?parent=1405"}],"wp:term":[{"taxonomy":"product_cat","embeddable":true,"href":"https:\/\/viladoconde.com\/es\/wp-json\/wp\/v2\/product_cat?post=1405"},{"taxonomy":"product_tag","embeddable":true,"href":"https:\/\/viladoconde.com\/es\/wp-json\/wp\/v2\/product_tag?post=1405"}],"curies":[{"name":"wp","href":"https:\/\/api.w.org\/{rel}","templated":true}]}}