{"id":1464,"date":"2019-03-28T23:13:13","date_gmt":"2019-03-28T23:13:13","guid":{"rendered":"https:\/\/viladoconde.com\/?post_type=product&#038;p=1464"},"modified":"2019-07-15T12:14:02","modified_gmt":"2019-07-15T12:14:02","slug":"igreja-de-sao-francisco-postal","status":"publish","type":"product","link":"https:\/\/viladoconde.com\/es\/produto\/igreja-de-sao-francisco-postal\/","title":{"rendered":"Igreja de S\u00e3o Francisco &#8211; postal"},"content":{"rendered":"","protected":false},"excerpt":{"rendered":"<p><strong>Edi\u00e7\u00e3o\/Colec\u00e7\u00e3o<\/strong>: Dulia<br \/>\n<strong>Descri\u00e7\u00e3o<\/strong>: postal da Igreja de S\u00e3o Francisco de Azurara<\/p>\n","protected":false},"featured_media":964,"template":"","meta":[],"product_cat":[73],"product_tag":[108,120,196],"class_list":["post-1464","product","type-product","status-publish","has-post-thumbnail","hentry","product_cat-postais-fotos-imagens","product_tag-azurara","product_tag-dulia","product_tag-sao-francisco-azurara"],"_links":{"self":[{"href":"https:\/\/viladoconde.com\/es\/wp-json\/wp\/v2\/product\/1464","targetHints":{"allow":["GET"]}}],"collection":[{"href":"https:\/\/viladoconde.com\/es\/wp-json\/wp\/v2\/product"}],"about":[{"href":"https:\/\/viladoconde.com\/es\/wp-json\/wp\/v2\/types\/product"}],"wp:featuredmedia":[{"embeddable":true,"href":"https:\/\/viladoconde.com\/es\/wp-json\/wp\/v2\/media\/964"}],"wp:attachment":[{"href":"https:\/\/viladoconde.com\/es\/wp-json\/wp\/v2\/media?parent=1464"}],"wp:term":[{"taxonomy":"product_cat","embeddable":true,"href":"https:\/\/viladoconde.com\/es\/wp-json\/wp\/v2\/product_cat?post=1464"},{"taxonomy":"product_tag","embeddable":true,"href":"https:\/\/viladoconde.com\/es\/wp-json\/wp\/v2\/product_tag?post=1464"}],"curies":[{"name":"wp","href":"https:\/\/api.w.org\/{rel}","templated":true}]}}