{"id":1495,"date":"2019-04-01T01:34:01","date_gmt":"2019-04-01T01:34:01","guid":{"rendered":"http:\/\/viladoconde.com\/?post_type=product&#038;p=1495"},"modified":"2020-11-23T20:18:13","modified_gmt":"2020-11-23T20:18:13","slug":"villa-do-conde-jardim-julio-graca-postal","status":"publish","type":"product","link":"https:\/\/viladoconde.com\/es\/produto\/villa-do-conde-jardim-julio-graca-postal\/","title":{"rendered":"Villa do Conde &#8211; Jardim J\u00falio Gra\u00e7a &#8211; postal"},"content":{"rendered":"","protected":false},"excerpt":{"rendered":"<p><strong>Edi\u00e7\u00e3o\/Colec\u00e7\u00e3o<\/strong>: Union Postale Universelle (1-15)<br \/>\n<strong>Descri\u00e7\u00e3o<\/strong>: postal do Jardim da Avenida J\u00falio Gra\u00e7a, o seu lago e ponte da \u00abilha dos amores\u00bb<\/p>\n","protected":false},"featured_media":5789,"template":"","meta":[],"product_cat":[73],"product_tag":[258,261,156,152],"class_list":["post-1495","product","type-product","status-publish","has-post-thumbnail","hentry","product_cat-postais-fotos-imagens","product_tag-1-15","product_tag-julio-graca","product_tag-lago","product_tag-upu"],"_links":{"self":[{"href":"https:\/\/viladoconde.com\/es\/wp-json\/wp\/v2\/product\/1495","targetHints":{"allow":["GET"]}}],"collection":[{"href":"https:\/\/viladoconde.com\/es\/wp-json\/wp\/v2\/product"}],"about":[{"href":"https:\/\/viladoconde.com\/es\/wp-json\/wp\/v2\/types\/product"}],"wp:featuredmedia":[{"embeddable":true,"href":"https:\/\/viladoconde.com\/es\/wp-json\/wp\/v2\/media\/5789"}],"wp:attachment":[{"href":"https:\/\/viladoconde.com\/es\/wp-json\/wp\/v2\/media?parent=1495"}],"wp:term":[{"taxonomy":"product_cat","embeddable":true,"href":"https:\/\/viladoconde.com\/es\/wp-json\/wp\/v2\/product_cat?post=1495"},{"taxonomy":"product_tag","embeddable":true,"href":"https:\/\/viladoconde.com\/es\/wp-json\/wp\/v2\/product_tag?post=1495"}],"curies":[{"name":"wp","href":"https:\/\/api.w.org\/{rel}","templated":true}]}}