{"id":1506,"date":"2019-04-01T03:52:06","date_gmt":"2019-04-01T03:52:06","guid":{"rendered":"http:\/\/viladoconde.com\/?post_type=product&#038;p=1506"},"modified":"2020-11-23T20:36:40","modified_gmt":"2020-11-23T20:36:40","slug":"villa-do-conde-ruinas-do-convento-postal","status":"publish","type":"product","link":"https:\/\/viladoconde.com\/es\/produto\/villa-do-conde-ruinas-do-convento-postal\/","title":{"rendered":"Villa do Conde &#8211; Ru\u00ednas do Convento &#8211; postal"},"content":{"rendered":"","protected":false},"excerpt":{"rendered":"<p><strong>Edi\u00e7\u00e3o\/Colec\u00e7\u00e3o<\/strong>: Union Postale Universelle (1-15)<br \/>\n<strong>Descri\u00e7\u00e3o<\/strong>: postal das ru\u00ednas do antigo Convento\/<a href=\"https:\/\/viladoconde.com\/mosteiro-e-igreja-de-santa-clara\/\" target=\"_blank\" rel=\"noopener noreferrer\">Mosteiro de Santa Clara<\/a> e <a href=\"https:\/\/viladoconde.com\/as-azenhas-da-vila\/\" target=\"_blank\" rel=\"noopener noreferrer\">azenhas da margem direita do rio Ave<\/a><\/p>\n","protected":false},"featured_media":5791,"template":"","meta":[],"product_cat":[73],"product_tag":[258,113,92,262,263,75,152],"class_list":["post-1506","product","type-product","status-publish","has-post-thumbnail","hentry","product_cat-postais-fotos-imagens","product_tag-1-15","product_tag-acude","product_tag-aqueduto","product_tag-azenhas-vila","product_tag-mosteiro-de-santa-clara","product_tag-rio","product_tag-upu"],"_links":{"self":[{"href":"https:\/\/viladoconde.com\/es\/wp-json\/wp\/v2\/product\/1506","targetHints":{"allow":["GET"]}}],"collection":[{"href":"https:\/\/viladoconde.com\/es\/wp-json\/wp\/v2\/product"}],"about":[{"href":"https:\/\/viladoconde.com\/es\/wp-json\/wp\/v2\/types\/product"}],"wp:featuredmedia":[{"embeddable":true,"href":"https:\/\/viladoconde.com\/es\/wp-json\/wp\/v2\/media\/5791"}],"wp:attachment":[{"href":"https:\/\/viladoconde.com\/es\/wp-json\/wp\/v2\/media?parent=1506"}],"wp:term":[{"taxonomy":"product_cat","embeddable":true,"href":"https:\/\/viladoconde.com\/es\/wp-json\/wp\/v2\/product_cat?post=1506"},{"taxonomy":"product_tag","embeddable":true,"href":"https:\/\/viladoconde.com\/es\/wp-json\/wp\/v2\/product_tag?post=1506"}],"curies":[{"name":"wp","href":"https:\/\/api.w.org\/{rel}","templated":true}]}}