{"id":1514,"date":"2019-04-02T17:29:39","date_gmt":"2019-04-02T17:29:39","guid":{"rendered":"http:\/\/viladoconde.com\/?post_type=product&#038;p=1514"},"modified":"2020-11-23T21:28:03","modified_gmt":"2020-11-23T21:28:03","slug":"villa-do-conde-misericordia-postal","status":"publish","type":"product","link":"https:\/\/viladoconde.com\/es\/produto\/villa-do-conde-misericordia-postal\/","title":{"rendered":"Villa do Conde &#8211; Miseric\u00f3rdia &#8211; postal"},"content":{"rendered":"","protected":false},"excerpt":{"rendered":"<p><strong>Edi\u00e7\u00e3o\/Colec\u00e7\u00e3o<\/strong>: Union Postale Universelle (1-15)<br \/>\n<strong>Descri\u00e7\u00e3o<\/strong>: postal da <a href=\"https:\/\/viladoconde.com\/igreja-da-misericordia\/\" target=\"_blank\" rel=\"noopener noreferrer\">Igreja da Miseric\u00f3rdia<\/a>, Casa do Despacho, Capela dos Passos e Cruzeiro<\/p>\n","protected":false},"featured_media":5811,"template":"","meta":[],"product_cat":[73],"product_tag":[258,95,96,94,97,152],"class_list":["post-1514","product","type-product","status-publish","has-post-thumbnail","hentry","product_cat-postais-fotos-imagens","product_tag-1-15","product_tag-cruzeiro","product_tag-despacho","product_tag-misericordia","product_tag-passos","product_tag-upu"],"_links":{"self":[{"href":"https:\/\/viladoconde.com\/es\/wp-json\/wp\/v2\/product\/1514","targetHints":{"allow":["GET"]}}],"collection":[{"href":"https:\/\/viladoconde.com\/es\/wp-json\/wp\/v2\/product"}],"about":[{"href":"https:\/\/viladoconde.com\/es\/wp-json\/wp\/v2\/types\/product"}],"wp:featuredmedia":[{"embeddable":true,"href":"https:\/\/viladoconde.com\/es\/wp-json\/wp\/v2\/media\/5811"}],"wp:attachment":[{"href":"https:\/\/viladoconde.com\/es\/wp-json\/wp\/v2\/media?parent=1514"}],"wp:term":[{"taxonomy":"product_cat","embeddable":true,"href":"https:\/\/viladoconde.com\/es\/wp-json\/wp\/v2\/product_cat?post=1514"},{"taxonomy":"product_tag","embeddable":true,"href":"https:\/\/viladoconde.com\/es\/wp-json\/wp\/v2\/product_tag?post=1514"}],"curies":[{"name":"wp","href":"https:\/\/api.w.org\/{rel}","templated":true}]}}