{"id":1516,"date":"2019-04-02T17:53:40","date_gmt":"2019-04-02T17:53:40","guid":{"rendered":"http:\/\/viladoconde.com\/?post_type=product&#038;p=1516"},"modified":"2020-12-08T18:33:32","modified_gmt":"2020-12-08T18:33:32","slug":"villa-do-conde-rio-ave-e-praca-da-republica-postal","status":"publish","type":"product","link":"https:\/\/viladoconde.com\/es\/produto\/villa-do-conde-rio-ave-e-praca-da-republica-postal\/","title":{"rendered":"Villa do Conde &#8211; Rio Ave e Pra\u00e7a da Rep\u00fablica &#8211; postal"},"content":{"rendered":"","protected":false},"excerpt":{"rendered":"<p><strong>Edi\u00e7\u00e3o\/Colec\u00e7\u00e3o<\/strong>: Union Postale Universelle (1-15)<br \/>\n<strong>Descri\u00e7\u00e3o<\/strong>: postal do cais junto \u00e0 Pra\u00e7a da Rep\u00fablica, cais das Lavandeiras, <a href=\"https:\/\/viladoconde.com\/capela-nossa-senhora-do-socorro\/\" target=\"_blank\" rel=\"noopener noreferrer\">Capela do Socorro<\/a> e <a href=\"https:\/\/viladoconde.com\/alfandega-regia\/\" target=\"_blank\" rel=\"noopener noreferrer\">Alf\u00e2ndega<\/a><\/p>\n","protected":false},"featured_media":5807,"template":"","meta":[],"product_cat":[73],"product_tag":[258,103,75,106,76,152],"class_list":["post-1516","product","type-product","status-publish","has-post-thumbnail","hentry","product_cat-postais-fotos-imagens","product_tag-1-15","product_tag-alfandega","product_tag-rio","product_tag-socorro","product_tag-terreiro","product_tag-upu"],"_links":{"self":[{"href":"https:\/\/viladoconde.com\/es\/wp-json\/wp\/v2\/product\/1516","targetHints":{"allow":["GET"]}}],"collection":[{"href":"https:\/\/viladoconde.com\/es\/wp-json\/wp\/v2\/product"}],"about":[{"href":"https:\/\/viladoconde.com\/es\/wp-json\/wp\/v2\/types\/product"}],"wp:featuredmedia":[{"embeddable":true,"href":"https:\/\/viladoconde.com\/es\/wp-json\/wp\/v2\/media\/5807"}],"wp:attachment":[{"href":"https:\/\/viladoconde.com\/es\/wp-json\/wp\/v2\/media?parent=1516"}],"wp:term":[{"taxonomy":"product_cat","embeddable":true,"href":"https:\/\/viladoconde.com\/es\/wp-json\/wp\/v2\/product_cat?post=1516"},{"taxonomy":"product_tag","embeddable":true,"href":"https:\/\/viladoconde.com\/es\/wp-json\/wp\/v2\/product_tag?post=1516"}],"curies":[{"name":"wp","href":"https:\/\/api.w.org\/{rel}","templated":true}]}}