{"id":1693,"date":"2019-04-03T22:26:03","date_gmt":"2019-04-03T22:26:03","guid":{"rendered":"http:\/\/viladoconde.com\/?post_type=product&#038;p=1693"},"modified":"2019-07-15T12:08:34","modified_gmt":"2019-07-15T12:08:34","slug":"cruzeiro-do-monte-de-santana-e-vista-parcial-postal","status":"publish","type":"product","link":"https:\/\/viladoconde.com\/es\/produto\/cruzeiro-do-monte-de-santana-e-vista-parcial-postal\/","title":{"rendered":"Cruzeiro do Monte de Sant&#8217;ana e vista parcial &#8211; postal"},"content":{"rendered":"","protected":false},"excerpt":{"rendered":"<p><strong>Edi\u00e7\u00e3o\/Colec\u00e7\u00e3o<\/strong>: LOTY<br \/>\n<strong>Descri\u00e7\u00e3o<\/strong>: postal da zona envolvente \u00e0 Pra\u00e7a da Rep\u00fablica, vista desde o Monte Santana<\/p>\n","protected":false},"featured_media":1616,"template":"","meta":[],"product_cat":[73],"product_tag":[184,111,75,127,106,76],"class_list":["post-1693","product","type-product","status-publish","has-post-thumbnail","hentry","product_cat-postais-fotos-imagens","product_tag-loty","product_tag-ponte","product_tag-rio","product_tag-santana","product_tag-socorro","product_tag-terreiro"],"_links":{"self":[{"href":"https:\/\/viladoconde.com\/es\/wp-json\/wp\/v2\/product\/1693","targetHints":{"allow":["GET"]}}],"collection":[{"href":"https:\/\/viladoconde.com\/es\/wp-json\/wp\/v2\/product"}],"about":[{"href":"https:\/\/viladoconde.com\/es\/wp-json\/wp\/v2\/types\/product"}],"wp:featuredmedia":[{"embeddable":true,"href":"https:\/\/viladoconde.com\/es\/wp-json\/wp\/v2\/media\/1616"}],"wp:attachment":[{"href":"https:\/\/viladoconde.com\/es\/wp-json\/wp\/v2\/media?parent=1693"}],"wp:term":[{"taxonomy":"product_cat","embeddable":true,"href":"https:\/\/viladoconde.com\/es\/wp-json\/wp\/v2\/product_cat?post=1693"},{"taxonomy":"product_tag","embeddable":true,"href":"https:\/\/viladoconde.com\/es\/wp-json\/wp\/v2\/product_tag?post=1693"}],"curies":[{"name":"wp","href":"https:\/\/api.w.org\/{rel}","templated":true}]}}