{"id":1695,"date":"2019-04-03T22:42:07","date_gmt":"2019-04-03T22:42:07","guid":{"rendered":"http:\/\/viladoconde.com\/?post_type=product&#038;p=1695"},"modified":"2019-07-15T12:08:34","modified_gmt":"2019-07-15T12:08:34","slug":"camara-municipal-e-cadeia-comarca-postal","status":"publish","type":"product","link":"https:\/\/viladoconde.com\/es\/produto\/camara-municipal-e-cadeia-comarca-postal\/","title":{"rendered":"C\u00e2mara Municipal e Cadeia Comarc\u00e3 &#8211; postal"},"content":{"rendered":"","protected":false},"excerpt":{"rendered":"<p><strong>Edi\u00e7\u00e3o\/Colec\u00e7\u00e3o<\/strong>: Union Postale Universelle<br \/>\n<strong>Descri\u00e7\u00e3o<\/strong>: postal de uma pintura da C\u00e2mara, com a cadeia adjacente ainda em funcionamento<\/p>\n","protected":false},"featured_media":1618,"template":"","meta":[],"product_cat":[73],"product_tag":[93,152],"class_list":["post-1695","product","type-product","status-publish","has-post-thumbnail","hentry","product_cat-postais-fotos-imagens","product_tag-camara","product_tag-upu"],"_links":{"self":[{"href":"https:\/\/viladoconde.com\/es\/wp-json\/wp\/v2\/product\/1695","targetHints":{"allow":["GET"]}}],"collection":[{"href":"https:\/\/viladoconde.com\/es\/wp-json\/wp\/v2\/product"}],"about":[{"href":"https:\/\/viladoconde.com\/es\/wp-json\/wp\/v2\/types\/product"}],"wp:featuredmedia":[{"embeddable":true,"href":"https:\/\/viladoconde.com\/es\/wp-json\/wp\/v2\/media\/1618"}],"wp:attachment":[{"href":"https:\/\/viladoconde.com\/es\/wp-json\/wp\/v2\/media?parent=1695"}],"wp:term":[{"taxonomy":"product_cat","embeddable":true,"href":"https:\/\/viladoconde.com\/es\/wp-json\/wp\/v2\/product_cat?post=1695"},{"taxonomy":"product_tag","embeddable":true,"href":"https:\/\/viladoconde.com\/es\/wp-json\/wp\/v2\/product_tag?post=1695"}],"curies":[{"name":"wp","href":"https:\/\/api.w.org\/{rel}","templated":true}]}}