{"id":1706,"date":"2019-04-04T03:17:34","date_gmt":"2019-04-04T03:17:34","guid":{"rendered":"http:\/\/viladoconde.com\/?post_type=product&#038;p=1706"},"modified":"2020-12-09T16:19:52","modified_gmt":"2020-12-09T16:19:52","slug":"praia-de-vila-do-conde-arredores-do-convento-de-vairao-postal","status":"publish","type":"product","link":"https:\/\/viladoconde.com\/es\/produto\/praia-de-vila-do-conde-arredores-do-convento-de-vairao-postal\/","title":{"rendered":"Praia de Vila do Conde &#8211;\u00a0Arredores do Convento de Vair\u00e3o &#8211; postal"},"content":{"rendered":"","protected":false},"excerpt":{"rendered":"<p><strong>Edi\u00e7\u00e3o\/Colec\u00e7\u00e3o<\/strong>: Union Postale Universelle \/ Mercearia Central &#8211; Jo\u00e3o da Costa Torres<br \/>\n<strong>Descri\u00e7\u00e3o<\/strong>: postal dos arredores do <a href=\"https:\/\/viladoconde.com\/mosteiro-de-sao-salvador-de-vairao\/\" target=\"_blank\" rel=\"noopener noreferrer\">Mosteiro de Vair\u00e3o<\/a><\/p>\n","protected":false},"featured_media":6028,"template":"","meta":[],"product_cat":[73],"product_tag":[285,152,194],"class_list":["post-1706","product","type-product","status-publish","has-post-thumbnail","hentry","product_cat-postais-fotos-imagens","product_tag-torres-colorido","product_tag-upu","product_tag-vairao"],"_links":{"self":[{"href":"https:\/\/viladoconde.com\/es\/wp-json\/wp\/v2\/product\/1706","targetHints":{"allow":["GET"]}}],"collection":[{"href":"https:\/\/viladoconde.com\/es\/wp-json\/wp\/v2\/product"}],"about":[{"href":"https:\/\/viladoconde.com\/es\/wp-json\/wp\/v2\/types\/product"}],"wp:featuredmedia":[{"embeddable":true,"href":"https:\/\/viladoconde.com\/es\/wp-json\/wp\/v2\/media\/6028"}],"wp:attachment":[{"href":"https:\/\/viladoconde.com\/es\/wp-json\/wp\/v2\/media?parent=1706"}],"wp:term":[{"taxonomy":"product_cat","embeddable":true,"href":"https:\/\/viladoconde.com\/es\/wp-json\/wp\/v2\/product_cat?post=1706"},{"taxonomy":"product_tag","embeddable":true,"href":"https:\/\/viladoconde.com\/es\/wp-json\/wp\/v2\/product_tag?post=1706"}],"curies":[{"name":"wp","href":"https:\/\/api.w.org\/{rel}","templated":true}]}}