{"id":1787,"date":"2019-04-05T15:37:56","date_gmt":"2019-04-05T15:37:56","guid":{"rendered":"http:\/\/viladoconde.com\/?post_type=product&#038;p=1787"},"modified":"2020-12-19T02:26:30","modified_gmt":"2020-12-19T02:26:30","slug":"boletim-da-direccao-geral-dos-edificios-e-monumentos-nacionais-no-14-santa-clara-de-vila-do-conde","status":"publish","type":"product","link":"https:\/\/viladoconde.com\/es\/produto\/boletim-da-direccao-geral-dos-edificios-e-monumentos-nacionais-no-14-santa-clara-de-vila-do-conde\/","title":{"rendered":"Boletim da Direc\u00e7\u00e3o Geral dos Edif\u00edcios e Monumentos Nacionais &#8211; n\u00ba 14 Santa Clara de Vila do Conde"},"content":{"rendered":"","protected":false},"excerpt":{"rendered":"<p><strong>Autor<\/strong>: Minist\u00e9rio das Obras P\u00fablicas e Comunica\u00e7\u00f5es<br \/>\n<strong>Ano<\/strong>: 1938<br \/>\n<strong>Descri\u00e7\u00e3o<\/strong>: hist\u00f3ria do <a href=\"https:\/\/viladoconde.com\/mosteiro-e-igreja-de-santa-clara\/\" target=\"_blank\" rel=\"noopener noreferrer\">Mosteiro de Santa Clara<\/a>, incidindo especialmente nas obras realizadas com o apoio do Estado, entre 1936 e 1940. Lombada com alguns rasgos e algum desgaste por humidade no interior.<\/p>\n","protected":false},"featured_media":1788,"template":"","meta":[],"product_cat":[148],"product_tag":[263],"class_list":["post-1787","product","type-product","status-publish","has-post-thumbnail","hentry","product_cat-livros-publicacoes","product_tag-mosteiro-de-santa-clara"],"_links":{"self":[{"href":"https:\/\/viladoconde.com\/es\/wp-json\/wp\/v2\/product\/1787","targetHints":{"allow":["GET"]}}],"collection":[{"href":"https:\/\/viladoconde.com\/es\/wp-json\/wp\/v2\/product"}],"about":[{"href":"https:\/\/viladoconde.com\/es\/wp-json\/wp\/v2\/types\/product"}],"wp:featuredmedia":[{"embeddable":true,"href":"https:\/\/viladoconde.com\/es\/wp-json\/wp\/v2\/media\/1788"}],"wp:attachment":[{"href":"https:\/\/viladoconde.com\/es\/wp-json\/wp\/v2\/media?parent=1787"}],"wp:term":[{"taxonomy":"product_cat","embeddable":true,"href":"https:\/\/viladoconde.com\/es\/wp-json\/wp\/v2\/product_cat?post=1787"},{"taxonomy":"product_tag","embeddable":true,"href":"https:\/\/viladoconde.com\/es\/wp-json\/wp\/v2\/product_tag?post=1787"}],"curies":[{"name":"wp","href":"https:\/\/api.w.org\/{rel}","templated":true}]}}