{"id":3631,"date":"2019-07-03T09:14:38","date_gmt":"2019-07-03T09:14:38","guid":{"rendered":"https:\/\/viladoconde.com\/?post_type=product&#038;p=3631"},"modified":"2021-03-14T18:28:00","modified_gmt":"2021-03-14T18:28:00","slug":"documentos-relativos-ao-supprimido-convento-de-santa-clara-livro-manuscrito","status":"publish","type":"product","link":"https:\/\/viladoconde.com\/es\/produto\/documentos-relativos-ao-supprimido-convento-de-santa-clara-livro-manuscrito\/","title":{"rendered":"Documentos relativos ao supprimido Convento de Santa Clara"},"content":{"rendered":"","protected":false},"excerpt":{"rendered":"<p><strong>Autor<\/strong>: Eduardo de Campos de Azevedo Soares (Carcavelos)<br \/>\n<strong>Ano<\/strong>: 1902<br \/>\n<strong>Descri\u00e7\u00e3o<\/strong>: Documentos relativos ao suprimido Convento de Santa Clara, de Vila do Conde, transferido do Minist\u00e9rio da Fazenda para o da Justi\u00e7a, para nele ser instalada a Casa de Deten\u00e7\u00e3o e Correc\u00e7\u00e3o do Distrito do Porto<\/p>\n","protected":false},"featured_media":6150,"template":"","meta":[],"product_cat":[148],"product_tag":[263],"class_list":["post-3631","product","type-product","status-publish","has-post-thumbnail","hentry","product_cat-livros-publicacoes","product_tag-mosteiro-de-santa-clara"],"_links":{"self":[{"href":"https:\/\/viladoconde.com\/es\/wp-json\/wp\/v2\/product\/3631","targetHints":{"allow":["GET"]}}],"collection":[{"href":"https:\/\/viladoconde.com\/es\/wp-json\/wp\/v2\/product"}],"about":[{"href":"https:\/\/viladoconde.com\/es\/wp-json\/wp\/v2\/types\/product"}],"wp:featuredmedia":[{"embeddable":true,"href":"https:\/\/viladoconde.com\/es\/wp-json\/wp\/v2\/media\/6150"}],"wp:attachment":[{"href":"https:\/\/viladoconde.com\/es\/wp-json\/wp\/v2\/media?parent=3631"}],"wp:term":[{"taxonomy":"product_cat","embeddable":true,"href":"https:\/\/viladoconde.com\/es\/wp-json\/wp\/v2\/product_cat?post=3631"},{"taxonomy":"product_tag","embeddable":true,"href":"https:\/\/viladoconde.com\/es\/wp-json\/wp\/v2\/product_tag?post=3631"}],"curies":[{"name":"wp","href":"https:\/\/api.w.org\/{rel}","templated":true}]}}