{"id":3926,"date":"2019-07-07T11:00:48","date_gmt":"2019-07-07T11:00:48","guid":{"rendered":"https:\/\/viladoconde.com\/?post_type=product&#038;p=3926"},"modified":"2021-03-28T21:04:30","modified_gmt":"2021-03-28T21:04:30","slug":"documentos-a-proposito-da-creche-de-vila-do-conde-livro-2","status":"publish","type":"product","link":"https:\/\/viladoconde.com\/es\/produto\/documentos-a-proposito-da-creche-de-vila-do-conde-livro-2\/","title":{"rendered":"Documentos (A Prop\u00f3sito da Creche de Vila do Conde)"},"content":{"rendered":"","protected":false},"excerpt":{"rendered":"<p><strong>Autor<\/strong>: Joaquim Pacheco Neves<br \/>\n<strong>Ano<\/strong>: 1955<br \/>\n<strong>Descri\u00e7\u00e3o<\/strong>: parte de uma s\u00e9rie de publica\u00e7\u00f5es referentes \u00e0 constru\u00e7\u00e3o da creche de <a href=\"https:\/\/viladoconde.com\/\" target=\"_blank\" rel=\"noopener\">Vila do Conde<\/a><\/p>\n","protected":false},"featured_media":6189,"template":"","meta":[],"product_cat":[148],"product_tag":[292],"class_list":["post-3926","product","type-product","status-publish","has-post-thumbnail","hentry","product_cat-livros-publicacoes","product_tag-creche"],"_links":{"self":[{"href":"https:\/\/viladoconde.com\/es\/wp-json\/wp\/v2\/product\/3926","targetHints":{"allow":["GET"]}}],"collection":[{"href":"https:\/\/viladoconde.com\/es\/wp-json\/wp\/v2\/product"}],"about":[{"href":"https:\/\/viladoconde.com\/es\/wp-json\/wp\/v2\/types\/product"}],"wp:featuredmedia":[{"embeddable":true,"href":"https:\/\/viladoconde.com\/es\/wp-json\/wp\/v2\/media\/6189"}],"wp:attachment":[{"href":"https:\/\/viladoconde.com\/es\/wp-json\/wp\/v2\/media?parent=3926"}],"wp:term":[{"taxonomy":"product_cat","embeddable":true,"href":"https:\/\/viladoconde.com\/es\/wp-json\/wp\/v2\/product_cat?post=3926"},{"taxonomy":"product_tag","embeddable":true,"href":"https:\/\/viladoconde.com\/es\/wp-json\/wp\/v2\/product_tag?post=3926"}],"curies":[{"name":"wp","href":"https:\/\/api.w.org\/{rel}","templated":true}]}}